{"id":9888,"date":"2024-06-09T21:40:13","date_gmt":"2024-06-09T19:40:13","guid":{"rendered":"https:\/\/www.mativoyages.com\/?post_type=product&#038;p=9888"},"modified":"2025-09-08T21:47:09","modified_gmt":"2025-09-08T19:47:09","slug":"formule-road-trip-2","status":"publish","type":"product","link":"https:\/\/mativoyages.com\/?product=formule-road-trip-2","title":{"rendered":"Formule Road Trip"},"content":{"rendered":"","protected":false},"excerpt":{"rendered":"<div style=\"max-width: 600px; margin: auto; font-family: Arial, sans-serif; line-height: 1.6;\">\n<p style=\"color: #012370; font-size: 15px;\">\u2714\ufe0f PLUSIEURS PAYS &#8211; Cr\u00e9ation de ton circuit sur mesure<\/p>\n<p style=\"color: #012370; font-size: 15px;\">\u2714\ufe0f Tes vols aller-retour aux meilleurs prix<\/p>\n<p style=\"color: #012370; font-size: 15px;\">\u2714\ufe0f Tes h\u00e9bergements selon tes envies <b>(modernes, localisation id\u00e9ale selon l\u2019endroit\u2026)<\/b><\/p>\n<p style=\"color: #012370; font-size: 15px;\">\u2714\ufe0f Vols ou ferries internes si n\u00e9cessaire<\/p>\n<p style=\"color: #012370; font-size: 15px;\">\u2714\ufe0f Ton programme d\u00e9taill\u00e9s jour\/jour <b>(activit\u00e9s incontournables, restaurants\u2026)<\/b><\/p>\n<p style=\"color: #012370; font-size: 15px;\">\ud83d\udcd6 Tu recevras ton <b style=\"color: #f4d35e;\">carnet de voyage<\/b> sur mesure, avec tous les\u00a0<b style=\"color: #f4d35e;\">liens<\/b> et les <b style=\"color: #f4d35e;\">informations<\/b>,\u00a0pour que tu puisses directement r\u00e9server.<\/p>\n<p>&nbsp;<\/p>\n<p style=\"color: #012370; font-size: 15px; font-weight: bold; margin-bottom: 5px;\">Comment \u00e7a marche ?<\/p>\n<p style=\"color: #012370; font-size: 15px; margin-top: 5px;\"><b>1. Avant de finaliser,<\/b> contacte-nous sur\u00a0<b style=\"color: #f4d35e;\">Instagram<\/b> ou par\u00a0<b style=\"color: #f4d35e;\">e-mail<\/b> pour discuter de ton voyage et v\u00e9rifier sa faisabilit\u00e9.<\/p>\n<p style=\"color: #012370; font-size: 15px; margin-top: 5px;\"><b>2.<\/b> Passe ta commande et <b>remplis<\/b> notre <b>questionnaire<\/b> pour que l\u2019on comprenne parfaitement tes attentes.<\/p>\n<p style=\"color: #012370; font-size: 15px; margin-top: 5px;\"><b>3. Deux appels offerts :<\/b> un avant la finalisation de ton circuit, et un apr\u00e8s, pour r\u00e9pondre \u00e0 toutes tes questions !<\/p>\n<p style=\"color: #012370; font-size: 15px;\"><b>Exemple :<\/b> Pour un total de <strong><span style=\"color: #e50000;\">500\u20ac<\/span><\/strong> pour nos services, \u00e0 2 personnes par exemple,\u00a0cela revient \u00e0 seulement <strong><span style=\"color: #e50000;\">250\u20ac<\/span><\/strong>\/pers pour l&rsquo;organisation compl\u00e8te de ton voyage.<\/p>\n<p style=\"color: #f4d35e; font-size: 15px; font-weight: bold; margin-bottom: 5px;\">2 appels offerts, Formule offerte pour les <span style=\"color: #f4d35e;\">enfants<\/span>.<\/p>\n<p>&nbsp;<\/p>\n<p style=\"color: #f4d35e; font-size: 15px; font-weight: bold; margin-bottom: 5px;\"><span style=\"color: #012370;\">D\u00e9lai de livraison :\u00a0<\/span><span style=\"font-weight: 300; color: #012370;\">10 \u00e0 15 jour &#8211; aucun remboursement possible<\/span><\/p>\n<p style=\"color: #f4d35e; font-size: 21px; font-weight: bold; margin-top: 10px;\">20\u20ac\/jour par pers<\/p>\n<\/div>\n","protected":false},"featured_media":13451,"template":"","meta":{"om_disable_all_campaigns":false,"_monsterinsights_skip_tracking":false,"_monsterinsights_sitenote_active":false,"_monsterinsights_sitenote_note":"","_monsterinsights_sitenote_category":0,"_uf_show_specific_survey":0,"_uf_disable_surveys":false},"product_brand":[],"product_cat":[15],"product_tag":[],"class_list":{"0":"post-9888","1":"product","2":"type-product","3":"status-publish","4":"has-post-thumbnail","6":"product_cat-voyage","8":"first","9":"instock","10":"sold-individually","11":"purchasable","12":"product-type-variable"},"aioseo_notices":[],"jetpack_sharing_enabled":true,"_links":{"self":[{"href":"https:\/\/mativoyages.com\/index.php?rest_route=\/wp\/v2\/product\/9888","targetHints":{"allow":["GET"]}}],"collection":[{"href":"https:\/\/mativoyages.com\/index.php?rest_route=\/wp\/v2\/product"}],"about":[{"href":"https:\/\/mativoyages.com\/index.php?rest_route=\/wp\/v2\/types\/product"}],"wp:featuredmedia":[{"embeddable":true,"href":"https:\/\/mativoyages.com\/index.php?rest_route=\/wp\/v2\/media\/13451"}],"wp:attachment":[{"href":"https:\/\/mativoyages.com\/index.php?rest_route=%2Fwp%2Fv2%2Fmedia&parent=9888"}],"wp:term":[{"taxonomy":"product_brand","embeddable":true,"href":"https:\/\/mativoyages.com\/index.php?rest_route=%2Fwp%2Fv2%2Fproduct_brand&post=9888"},{"taxonomy":"product_cat","embeddable":true,"href":"https:\/\/mativoyages.com\/index.php?rest_route=%2Fwp%2Fv2%2Fproduct_cat&post=9888"},{"taxonomy":"product_tag","embeddable":true,"href":"https:\/\/mativoyages.com\/index.php?rest_route=%2Fwp%2Fv2%2Fproduct_tag&post=9888"}],"curies":[{"name":"wp","href":"https:\/\/api.w.org\/{rel}","templated":true}]}}