{"id":8746,"date":"2022-05-08T22:58:10","date_gmt":"2022-05-08T20:58:10","guid":{"rendered":"http:\/\/www.mativoyages.com\/?page_id=8746"},"modified":"2025-04-15T15:04:28","modified_gmt":"2025-04-15T13:04:28","slug":"condition-general-de-vente-cgv","status":"publish","type":"page","link":"https:\/\/mativoyages.com\/?page_id=8746","title":{"rendered":"Condition g\u00e9n\u00e9ral de vente CGV"},"content":{"rendered":"\t\t<div data-elementor-type=\"wp-page\" data-elementor-id=\"8746\" class=\"elementor elementor-8746\" data-elementor-post-type=\"page\">\n\t\t\t\t\t\t<section class=\"elementor-section elementor-top-section elementor-element elementor-element-3a5d9ec0 elementor-section-boxed elementor-section-height-default elementor-section-height-default mkdf-parallax-row-no mkdf-content-aligment-left mkdf-row-grid-no\" data-id=\"3a5d9ec0\" data-element_type=\"section\" data-e-type=\"section\">\n\t\t\t\t\t\t<div class=\"elementor-container elementor-column-gap-default\">\n\t\t\t\t\t<div class=\"elementor-column elementor-col-100 elementor-top-column elementor-element elementor-element-2890813b\" data-id=\"2890813b\" data-element_type=\"column\" data-e-type=\"column\">\n\t\t\t<div class=\"elementor-widget-wrap elementor-element-populated\">\n\t\t\t\t\t\t<div class=\"elementor-element elementor-element-c67a682 elementor-widget elementor-widget-text-editor\" data-id=\"c67a682\" data-element_type=\"widget\" data-e-type=\"widget\" data-widget_type=\"text-editor.default\">\n\t\t\t\t<div class=\"elementor-widget-container\">\n\t\t\t\t\t\t\t\t\t<h2><span style=\"color: #f4d35e;\"><b>CONDITIONS G\u00c9N\u00c9RALES DE VENTE (CGV) DE MATIVOYAGES<\/b><\/span><\/h2><div class=\"page\" title=\"Page 1\"><div class=\"section\"><div class=\"layoutArea\"><div class=\"column\"><p><strong><span style=\"color: #f4d35e;\">Version en vigueur en date du 03\/03\/2025<\/span><\/strong><\/p><\/div><\/div><\/div><\/div><p><span style=\"color: #012370;\"><b>Article 1 &#8211; Champ d&rsquo;application<\/b> <\/span><\/p><p><span style=\"color: #012370;\"><span style=\"font-weight: 400;\">Les pr\u00e9sentes Conditions G\u00e9n\u00e9rales de Vente (CGV) r\u00e9gissent les relations contractuelles entre la soci\u00e9t\u00e9 MATIVOYAGES, entreprise individuelle repr\u00e9sent\u00e9e par Tiphaine Castro, et toute personne effectuant un achat sur le site mativoyages.com (ci-apr\u00e8s d\u00e9nomm\u00e9e \u00ab\u00a0le Client\u00a0\u00bb).<\/span><\/span><\/p><p><span style=\"color: #012370;\"><b>Article 2 &#8211; Services propos\u00e9s<\/b> <\/span><\/p><p><span style=\"color: #012370;\"><span style=\"font-weight: 400;\">MATIVOYAGES propose des prestations de conseil en organisation de voyages sous forme de plans de voyage envoy\u00e9s par email. Ces plans comprennent des recommandations d&rsquo;h\u00e9bergement, d&rsquo;activit\u00e9s et d&rsquo;itin\u00e9raires, ainsi que des liens permettant au Client d&rsquo;effectuer directement ses r\u00e9servations lui-m\u00eame.<\/span><\/span><\/p><p><span style=\"color: #012370;\"><b>Article 3 &#8211; Prix et modalit\u00e9s de paiement<\/b> <\/span><\/p><p><span style=\"color: #012370;\"><span style=\"font-weight: 400;\">Les prix affich\u00e9s sur le site sont en euros et toutes taxes comprises (TTC). Le paiement s&rsquo;effectue en ligne via une plateforme s\u00e9curis\u00e9e. Aucun remboursement ni \u00e9change n&rsquo;est possible une fois la commande valid\u00e9e.<\/span><\/span><\/p><p><span style=\"color: #012370;\"><b>Article 4 &#8211; Commande et confirmation<\/b> <\/span><\/p><p><span style=\"color: #012370;\"><span style=\"font-weight: 400;\">Toute commande pass\u00e9e sur le site constitue une acceptation des pr\u00e9sentes CGV. La confirmation de commande est envoy\u00e9e par email et engage d\u00e9finitivement le Client.<\/span><\/span><\/p><p><span style=\"color: #012370;\"><b>Article 5 &#8211; Responsabilit\u00e9<\/b> <\/span><\/p><p><span style=\"color: #012370;\"><span style=\"font-weight: 400;\">MATIVOYAGES agit uniquement en tant que conseiller et n&rsquo;est pas responsable des r\u00e9servations effectu\u00e9es par le Client. La soci\u00e9t\u00e9 ne peut \u00eatre tenue responsable des \u00e9ventuelles modifications, annulations ou incidents survenant lors du voyage.<\/span><\/span><\/p><p><span style=\"color: #012370;\"><b>Article 6 &#8211; Donn\u00e9es personnelles<\/b><span style=\"font-weight: 400;\"> MATIVOYAGES collecte des informations personnelles dans le cadre de l&rsquo;ex\u00e9cution de ses prestations. Ces donn\u00e9es sont trait\u00e9es conform\u00e9ment \u00e0 la politique de confidentialit\u00e9 ci-dessous.<\/span><\/span><\/p><p><span style=\"color: #012370;\"><b>Article 7 &#8211; Droit applicable et litiges<\/b> <\/span><\/p><p><span style=\"color: #012370;\"><span style=\"font-weight: 400;\">Les pr\u00e9sentes CGV sont soumises au droit fran\u00e7ais. En cas de litige, seul le tribunal d&rsquo;Orl\u00e9ans sera comp\u00e9tent.<\/span><\/span><\/p><h3>\u00a0<\/h3><h3><span style=\"color: #f4d35e;\"><b>POLITIQUE DE CONFIDENTIALIT\u00c9<\/b><\/span><\/h3><p><span style=\"color: #012370;\"><b>Article 1 &#8211; Donn\u00e9es collect\u00e9es<\/b> <\/span><\/p><p><span style=\"color: #012370;\"><span style=\"font-weight: 400;\">MATIVOYAGES collecte les informations fournies par le Client lors de la commande (nom, email, adresse, etc.), ainsi que des donn\u00e9es de navigation (adresse IP, cookies).<\/span><\/span><\/p><p><span style=\"color: #012370;\"><b>Article 2 &#8211; Utilisation des donn\u00e9es<\/b> <\/span><\/p><p><span style=\"color: #012370;\"><span style=\"font-weight: 400;\">Les donn\u00e9es personnelles sont utilis\u00e9es pour :<\/span><\/span><\/p><ul><li style=\"font-weight: 400;\" aria-level=\"1\"><span style=\"font-weight: 400; color: #012370;\">Fournir les services command\u00e9s<\/span><\/li><li style=\"font-weight: 400;\" aria-level=\"1\"><span style=\"font-weight: 400; color: #012370;\">Am\u00e9liorer l&rsquo;exp\u00e9rience utilisateur<\/span><\/li><li style=\"font-weight: 400;\" aria-level=\"1\"><span style=\"font-weight: 400; color: #012370;\">Envoyer des informations promotionnelles si le Client y a consenti<\/span><\/li><\/ul><p><span style=\"color: #012370;\"><b>Article 3 &#8211; Partage des donn\u00e9es<\/b> <\/span><\/p><p><span style=\"color: #012370;\"><span style=\"font-weight: 400;\">Les donn\u00e9es ne sont ni vendues ni c\u00e9d\u00e9es \u00e0 des tiers. Elles peuvent \u00eatre partag\u00e9es avec des prestataires techniques (ex. : solution de paiement) dans le cadre strict de la prestation.<\/span><\/span><\/p><p><span style=\"color: #012370;\"><b>Article 4 &#8211; Protection des donn\u00e9es<\/b> <\/span><\/p><p><span style=\"color: #012370;\"><span style=\"font-weight: 400;\">MATIVOYAGES met en place des mesures de s\u00e9curit\u00e9 pour prot\u00e9ger les donn\u00e9es contre tout acc\u00e8s non autoris\u00e9.<\/span><\/span><\/p><p><span style=\"color: #012370;\"><b>Article 5 &#8211; Droits des utilisateurs<\/b> <\/span><\/p><p><span style=\"color: #012370;\"><span style=\"font-weight: 400;\">Conform\u00e9ment \u00e0 la r\u00e9glementation en vigueur, le Client dispose d&rsquo;un droit d&rsquo;acc\u00e8s, de rectification, de suppression et d&rsquo;opposition sur ses donn\u00e9es personnelles. Toute demande doit \u00eatre adress\u00e9e \u00e0 mativoyagespro@gmail.com.<\/span><\/span><\/p><p><span style=\"color: #012370;\"><b>Article 6 &#8211; Cookies<\/b> <\/span><\/p><p><span style=\"color: #012370;\"><span style=\"font-weight: 400;\">Le site utilise des cookies pour am\u00e9liorer l&rsquo;exp\u00e9rience utilisateur. Le Client peut configurer son navigateur pour bloquer ou supprimer ces cookies.<\/span><\/span><\/p><p><span style=\"color: #012370;\"><b>Article 7 &#8211; Modifications<\/b> <\/span><\/p><p><span style=\"color: #012370;\"><span style=\"font-weight: 400;\">MATIVOYAGES se r\u00e9serve le droit de modifier cette politique de confidentialit\u00e9 \u00e0 tout moment. Les modifications prendront effet imm\u00e9diatement apr\u00e8s leur publication sur le site.<\/span><\/span><\/p>\t\t\t\t\t\t\t\t<\/div>\n\t\t\t\t<\/div>\n\t\t\t\t\t<\/div>\n\t\t<\/div>\n\t\t\t\t\t<\/div>\n\t\t<\/section>\n\t\t\t\t<\/div>\n\t\t","protected":false},"excerpt":{"rendered":"<p>CONDITIONS G\u00c9N\u00c9RALES DE VENTE (CGV) DE MATIVOYAGES Version en vigueur en date du 03\/03\/2025 Article 1 &#8211; Champ d&rsquo;application Les pr\u00e9sentes Conditions G\u00e9n\u00e9rales de Vente (CGV) r\u00e9gissent les relations contractuelles entre la soci\u00e9t\u00e9 MATIVOYAGES, entreprise individuelle repr\u00e9sent\u00e9e par Tiphaine Castro, [&hellip;]<\/p>\n","protected":false},"author":1,"featured_media":0,"parent":0,"menu_order":0,"comment_status":"closed","ping_status":"closed","template":"","meta":{"om_disable_all_campaigns":false,"_monsterinsights_skip_tracking":false,"_monsterinsights_sitenote_active":false,"_monsterinsights_sitenote_note":"","_monsterinsights_sitenote_category":0,"_uf_show_specific_survey":0,"_uf_disable_surveys":false,"footnotes":""},"class_list":["post-8746","page","type-page","status-publish","hentry"],"aioseo_notices":[],"jetpack_sharing_enabled":true,"_links":{"self":[{"href":"https:\/\/mativoyages.com\/index.php?rest_route=\/wp\/v2\/pages\/8746","targetHints":{"allow":["GET"]}}],"collection":[{"href":"https:\/\/mativoyages.com\/index.php?rest_route=\/wp\/v2\/pages"}],"about":[{"href":"https:\/\/mativoyages.com\/index.php?rest_route=\/wp\/v2\/types\/page"}],"author":[{"embeddable":true,"href":"https:\/\/mativoyages.com\/index.php?rest_route=\/wp\/v2\/users\/1"}],"replies":[{"embeddable":true,"href":"https:\/\/mativoyages.com\/index.php?rest_route=%2Fwp%2Fv2%2Fcomments&post=8746"}],"version-history":[{"count":24,"href":"https:\/\/mativoyages.com\/index.php?rest_route=\/wp\/v2\/pages\/8746\/revisions"}],"predecessor-version":[{"id":14096,"href":"https:\/\/mativoyages.com\/index.php?rest_route=\/wp\/v2\/pages\/8746\/revisions\/14096"}],"wp:attachment":[{"href":"https:\/\/mativoyages.com\/index.php?rest_route=%2Fwp%2Fv2%2Fmedia&parent=8746"}],"curies":[{"name":"wp","href":"https:\/\/api.w.org\/{rel}","templated":true}]}}