{"id":8492,"date":"2022-04-23T10:59:47","date_gmt":"2022-04-23T08:59:47","guid":{"rendered":"http:\/\/www.mativoyages.com\/?page_id=8492"},"modified":"2025-04-15T15:05:30","modified_gmt":"2025-04-15T13:05:30","slug":"mentions-legale","status":"publish","type":"page","link":"https:\/\/mativoyages.com\/?page_id=8492","title":{"rendered":"Mentions l\u00e9gales"},"content":{"rendered":"\t\t<div data-elementor-type=\"wp-page\" data-elementor-id=\"8492\" class=\"elementor elementor-8492\" data-elementor-post-type=\"page\">\n\t\t\t\t\t\t<section class=\"elementor-section elementor-top-section elementor-element elementor-element-4bda1794 elementor-section-boxed elementor-section-height-default elementor-section-height-default mkdf-parallax-row-no mkdf-content-aligment-left mkdf-row-grid-no\" data-id=\"4bda1794\" data-element_type=\"section\" data-e-type=\"section\">\n\t\t\t\t\t\t<div class=\"elementor-container elementor-column-gap-default\">\n\t\t\t\t\t<div class=\"elementor-column elementor-col-100 elementor-top-column elementor-element elementor-element-266d1582\" data-id=\"266d1582\" data-element_type=\"column\" data-e-type=\"column\">\n\t\t\t<div class=\"elementor-widget-wrap elementor-element-populated\">\n\t\t\t\t\t\t<div class=\"elementor-element elementor-element-60a835a elementor-widget elementor-widget-text-editor\" data-id=\"60a835a\" data-element_type=\"widget\" data-e-type=\"widget\" data-widget_type=\"text-editor.default\">\n\t\t\t\t<div class=\"elementor-widget-container\">\n\t\t\t\t\t\t\t\t\t<h1 style=\"font-weight: 400;\"><span style=\"color: #f4d35e;\"><b>Mativoyages<\/b><\/span><\/h1><p><span style=\"color: #012370;\">Le site internet mativoyages.com un site \u00e9dit\u00e9 par l\u2019entreprise Tiphaine CASTRO.<\/span><\/p><p><span style=\"color: #012370;\"><b><br \/>Informations g\u00e9n\u00e9rales<\/b><\/span><\/p><p><span style=\"color: #012370;\">Repr\u00e9sentant l\u00e9gal et directeur de la publication<\/span><\/p><p><span style=\"color: #012370;\">Le repr\u00e9sentant l\u00e9gal de la soci\u00e9t\u00e9 MATIVOYAGES et le directeur de la publication est Madame Tiphaine Castro dont le si\u00e8ge social est 12 rue du clos massias, 45 430 BOU.<\/span><\/p><p><span style=\"color: #012370;\">Pour contacter la soci\u00e9t\u00e9 : mativoyagespro@gmail.com<\/span><\/p><p><span style=\"color: #012370;\"><b><br \/>Conseils voyages<\/b><\/span><\/p><p><span style=\"font-weight: 400; color: #012370;\">Mativoyages,\u00a0 entrepreneur indivuel, sp\u00e9cialis\u00e9 dans les services de conseil en organisation de voyages : mativoyages.com<\/span><\/p><ul><li style=\"font-weight: 400;\" aria-level=\"1\"><span style=\"font-weight: 400; color: #012370;\">R\u00e9alisation de voyage sur mesure pour du conseil voyage<\/span><\/li><li style=\"font-weight: 400;\" aria-level=\"1\"><span style=\"font-weight: 400; color: #012370;\">Plan de voyage envoy\u00e9 par mail, avec les liens pour que les clients puisse r\u00e9server directement si ils le souhaitent<\/span><\/li><li style=\"font-weight: 400;\" aria-level=\"1\"><span style=\"font-weight: 400; color: #012370;\">Si vous souhaitez avoir plus de d\u00e9tails, dirigez vous vers la page d\u2019accueil pour lire : Nos Services.<\/span><\/li><\/ul><p><span style=\"color: #012370;\"><b><br \/>H\u00e9bergement<\/b><\/span><\/p><p><span style=\"color: #012370;\"><span class=\"hljs-string\">IONOS<\/span> <span class=\"hljs-string\">SE<\/span>\u00a0<br \/><\/span><span style=\"color: #012370;\"><span class=\"hljs-string\">Si\u00e8ge<\/span> <span class=\"hljs-attr\">social :<\/span> <span class=\"hljs-string\">Elgendorfer<\/span> <span class=\"hljs-string\">Str.<\/span> <span class=\"hljs-number\">57<\/span><span class=\"hljs-string\">,<\/span> <span class=\"hljs-number\">56410<\/span> <span class=\"hljs-string\">Montabaur,<\/span> <span class=\"hljs-string\">Allemagne<\/span><\/span><\/p><p><span style=\"font-weight: 400; color: #012370;\">\u00a0<\/span><\/p><h4><span style=\"color: #012370;\"><b>Droits de propri\u00e9t\u00e9 intellectuelle<\/b><\/span><\/h4><p><span style=\"font-weight: 400; color: #012370;\">L\u2019ensemble du contenu de ce site est r\u00e9gi par le code de la Propri\u00e9t\u00e9 Intellectuelle.<\/span><\/p><p><span style=\"font-weight: 400; color: #012370;\">La pr\u00e9sentation et le contenu du pr\u00e9sent site constituent une \u0153uvre prot\u00e9g\u00e9e par les lois en vigueur sur la propri\u00e9t\u00e9 intellectuelle, dont la soci\u00e9t\u00e9 Mativoyages est titulaire.<\/span><\/p><p><span style=\"font-weight: 400; color: #012370;\">Les d\u00e9nominations ou appellations, slogans, logos, noms des marques, t\u00e9moignages\u2026 sont cit\u00e9s soit avec l\u2019autorisation de leur titulaire, soit comme simple indication de produits ou services.<\/span><\/p><p><span style=\"font-weight: 400; color: #012370;\">Les photographies, textes, slogans, dessins, mod\u00e8les, images, s\u00e9quences anim\u00e9es sonores ou non, ainsi que toutes \u0153uvres int\u00e9gr\u00e9es dans le site sont donc la propri\u00e9t\u00e9 de la soci\u00e9t\u00e9 Mativoyages ou de tiers ayant autoris\u00e9 Mativoyages \u00e0 les utiliser.<\/span><\/p><p><span style=\"font-weight: 400; color: #012370;\">\u00a0<\/span><\/p><h4><span style=\"color: #012370;\"><b>Informations sur les produits et services<\/b><\/span><\/h4><p><span style=\"font-weight: 400; color: #012370;\">Ce site constitue une pr\u00e9sentation g\u00e9n\u00e9rale de la gamme des produits et services de la soci\u00e9t\u00e9 Mativoyages.\u00a0<\/span><\/p><p><span style=\"font-weight: 400; color: #012370;\">La soci\u00e9t\u00e9 Mativoyages se r\u00e9serve le droit de modifier les informations figurant dans le pr\u00e9sent site, notamment relatives aux caract\u00e9ristiques techniques des produits pr\u00e9sent\u00e9s, \u00e0 tout moment, sans pr\u00e9avis, compte tenu de l\u2019interactivit\u00e9 du site, sans que cela puisse engager la responsabilit\u00e9 de MATIVOYAGES.<\/span><\/p><h2><span style=\"font-weight: 400; color: #012370;\">\u00a0<\/span><\/h2><h4><span style=\"color: #012370;\"><b>Envois et retours<\/b><\/span><\/h4><p><span style=\"font-weight: 400; color: #012370;\">Aucun \u00e9change ni remboursement possible.<\/span><\/p><h4><span style=\"color: #012370;\"><b>Donn\u00e9es personnelles et autres donn\u00e9es<\/b><\/span><\/h4><p><span style=\"color: #012370;\"><b>\u00ab Cookies \u00bb<\/b><\/span><\/p><p><span style=\"font-weight: 400; color: #012370;\">Lors de votre visite sur notre site, nous sommes susceptibles d\u2019implanter un cookie dans votre ordinateur. Un cookie est un petit bloc de donn\u00e9es envoy\u00e9 \u00e0 votre navigateur par un serveur web et stock\u00e9 sur le disque dur de votre ordinateur. Le cookie ne nous permet pas de vous identifier personnellement. De mani\u00e8re g\u00e9n\u00e9rale, il nous permet d\u2019enregistrer des informations relatives \u00e0 la navigation de votre ordinateur sur notre site (le pays et la langue choisie, etc.). Ces informations seront lues lors de vos visites ult\u00e9rieures afin de faciliter votre navigation.<\/span><\/p><p><span style=\"font-weight: 400; color: #012370;\">Vous pouvez naturellement vous opposer \u00e0 l\u2019enregistrement de cookies en configurant votre navigateur.<\/span><\/p><p><span style=\"font-weight: 400; color: #012370;\">Vous pouvez \u00e9galement supprimer les cookies \u00e0 tout moment et individuellement en vous rapportant au manuel d\u2019utilisation de votre ordinateur.<\/span><\/p><h4><span style=\"color: #012370;\"><b>Liens hypertextes<\/b><\/span><\/h4><p><span style=\"font-weight: 400; color: #012370;\">La mise en place d\u2019un lien hypertexte vers le site adresse du site n\u00e9cessite une autorisation pr\u00e9alable \u00e9crite de Mativoyages. Si vous souhaitez mettre en place un lien hypertexte vers notre site, vous devez en cons\u00e9quence prendre contact avec le repr\u00e9sentant l\u00e9gal de la soci\u00e9t\u00e9 MATIVOYAGES.<\/span><\/p><p><span style=\"color: #012370;\"><span style=\"font-weight: 400;\">La soci\u00e9t\u00e9 MATIVOYAGES ne peut en aucun cas \u00eatre tenue pour responsable des sites ayant un lien hypertexte avec le pr\u00e9sent site et d\u00e9cline toute responsabilit\u00e9 quant \u00e0 leur contenu et \u00e0 leur utilisation.<\/span><span style=\"font-weight: 400;\"><br \/><\/span><span style=\"font-weight: 400;\"><br \/><\/span><\/span><\/p><h4><span style=\"color: #012370;\"><b>Le paiement<\/b><\/span><\/h4><p><span style=\"color: #012370;\"><span style=\"font-weight: 400;\">Le client effectue le paiement au moment de la validation finale de la commande en sp\u00e9cifiant son num\u00e9ro de carte bancaire. Le client garantit au vendeur qu\u2019il dispose des autorisations n\u00e9cessaires pour utiliser ce mode de paiement, et reconna\u00eet que les informations donn\u00e9es \u00e0 cet effet valent preuve de son consentement \u00e0 la vente comme \u00e0 l\u2019exigibilit\u00e9 des sommes dues au titre de la commande. La plate-forme propos\u00e9e par la boutique en ligne est s\u00e9curis\u00e9e et conforme aux r\u00e9glementations cartes bancaires concernant la vente \u00e0 distance et le t\u00e9l\u00e9paiement.<\/span><span style=\"font-weight: 400;\"><br \/><\/span><\/span><\/p><h4><span style=\"color: #012370;\"><b><br \/>La confirmation de commande<\/b><\/span><\/h4><p><span style=\"color: #012370;\"><span style=\"font-weight: 400;\">Il s\u2019agit d\u2019une commande avec obligation de paiement, ce qui signifie que la passation de la commande implique un r\u00e8glement du client. Les produits demeurent la propri\u00e9t\u00e9 de MATIVOYAGES jusqu\u2019au complet encaissement de la commande. La confirmation de la commande entra\u00eene acceptation des pr\u00e9sentes conditions de vente par le client au moyen d\u2019un \u00ab double clic \u00bb, qui constitue une acceptation irr\u00e9vocable qui ne peut \u00eatre remise en cause que dans les limites pr\u00e9vues dans les CGV, la reconnaissance d\u2019en avoir parfaite connaissance et la renonciation \u00e0 se pr\u00e9valoir d\u2019autres conditions. Au terme de la loi, le proc\u00e9d\u00e9 dit du \u00ab double clic \u00bb, associ\u00e9 \u00e0 la proc\u00e9dure d\u2019authentification et de non r\u00e9pudiation, ainsi qu\u2019\u00e0 la protection de l\u2019int\u00e9grit\u00e9 des messages, constitue une signature \u00e9lectronique, qui a valeur entre les parties au m\u00eame titre qu\u2019une signature manuscrite. Sauf preuve contraire, les donn\u00e9es enregistr\u00e9es par MATIVOYAGES constituent la preuve de l\u2019ensemble des transactions pass\u00e9es entre MATIVOYAGES et ses clients. Un email de confirmation de la commande sera adress\u00e9 au client par voie \u00e9lectronique, de fa\u00e7on pr\u00e9alable \u00e0 l\u2019exp\u00e9dition de la commande, et rend la vente d\u00e9finitive sous r\u00e9serve du droit de r\u00e9tractation. La version des CGV applicables \u00e0 une commande sur une date donn\u00e9e peut-\u00eatre exp\u00e9di\u00e9e au client par voie \u00e9lectronique.<\/span><span style=\"font-weight: 400;\"><br \/><\/span><span style=\"font-weight: 400;\"><br \/><\/span><\/span><\/p><h4><span style=\"color: #012370;\"><b>Les commandes en ligne<\/b><\/span><\/h4><p><span style=\"color: #012370;\"><span style=\"font-weight: 400;\">Le client a la possibilit\u00e9 de remplir un bon de commande en ligne, au moyen d\u2019un formulaire \u00e9lectronique. En remplissant le formulaire \u00e9lectronique, le client accepte le prix et la description des produits. Le client accepte les pr\u00e9sentes conditions g\u00e9n\u00e9rales de vente lorsqu\u2019il commande. Le client devra donner une adresse de courrier \u00e9lectronique et une adresse de livraison valide, et reconna\u00eet par les pr\u00e9sentes conditions g\u00e9n\u00e9rales de vente que tout \u00e9change avec le vendeur pourra intervenir au moyen de cette adresse. Le vendeur se r\u00e9serve le droit de bloquer la commande du client en cas de faute de paiement, d\u2019adresse erron\u00e9e ou de tout autre probl\u00e8me sur le compte client et ce, jusqu\u2019\u00e0 r\u00e9solution du probl\u00e8me.<\/span><span style=\"font-weight: 400;\"><br \/><\/span><span style=\"font-weight: 400;\"><br \/><\/span><\/span><\/p><h4><span style=\"color: #012370;\"><b>Le prix<\/b><\/span><\/h4><p><span style=\"font-weight: 400; color: #012370;\">Seuls s\u2019appliqueront les tarifs en vigueur indiqu\u00e9s au moment de la commande, sous r\u00e9serve de disponibilit\u00e9 des produits \u00e0 cette date. Le vendeur se r\u00e9serve le droit de modifier ses prix \u00e0 tout moment en les publiant en ligne, sans pr\u00e9avis, et notamment en cas de changement de donn\u00e9es fiscales ou \u00e9conomiques. Les prix sont indiqu\u00e9s en euros (TTC). Si une ou plusieurs taxes ou contributions, notamment environnementales, venaient \u00e0 \u00eatre cr\u00e9\u00e9es ou modifi\u00e9es, en hausse comme en baisse, ce changement pourrait \u00eatre r\u00e9percut\u00e9 sur le prix de vente des produits. Le montant total de la commande (TTC) est indiqu\u00e9 avant validation finale du bon de commande. Le paiement de la totalit\u00e9 du prix doit \u00eatre r\u00e9alis\u00e9 lors de la commande, r\u00e9gl\u00e9 en euros et en ligne.<\/span><\/p><p><span style=\"font-weight: 400; color: #012370;\">\u00a0<\/span><\/p><h2><span style=\"color: #f4d35e;\"><b>D\u00c9CLARATION DE CONFIDENTIALIT\u00c9\u00a0<\/b><\/span><\/h2><h4><span style=\"color: #012370;\"><b>ARTICLE 1 \u2013 RENSEIGNEMENTS PERSONNELS RECUEILLIS<\/b><\/span><\/h4><p><span style=\"font-weight: 400; color: #012370;\">Lorsque vous effectuez un achat sur notre boutique, dans le cadre de notre processus d\u2019achat et de vente, nous recueillons les renseignements personnels que vous nous fournissez, tels que votre nom, votre adresse et votre adresse e-mail. Lorsque vous naviguez sur notre boutique, nous recevons \u00e9galement automatiquement l\u2019adresse de protocole Internet (adresse IP) de votre ordinateur, qui nous permet d\u2019obtenir plus de d\u00e9tails au sujet du navigateur et du syst\u00e8me d\u2019exploitation que vous utilisez. Avec votre permission, nous pourrions vous envoyer des e-mails au sujet de notre boutique, de nouveaux produits et d\u2019autres mises \u00e0 jour.<\/span><\/p><h4><span style=\"color: #012370;\"><b>ARTICLE 2 \u2013 CONSENTEMENT<\/b><\/span><\/h4><p><span style=\"font-weight: 400; color: #012370;\">Comment obtenez-vous mon consentement ? Lorsque vous nous fournissez vos renseignements personnels pour conclure une transaction, v\u00e9rifier votre carte de cr\u00e9dit, passer une commande, nous pr\u00e9sumons que vous consentez \u00e0 ce que nous recueillions vos renseignements et \u00e0 ce que nous les utilisions \u00e0 cette fin uniquement. Si nous vous demandons de nous fournir vos renseignements personnels pour une autre raison, \u00e0 des fins de marketing par exemple, nous vous demanderons directement votre consentement explicite, ou nous vous donnerons la possibilit\u00e9 de refuser. Comment puis-je retirer mon consentement ? Si apr\u00e8s nous avoir donn\u00e9 votre consentement, vous changez d\u2019avis et ne consentez plus \u00e0 ce que nous puissions vous contacter, recueillir vos renseignements ou les divulguer, vous pouvez nous en aviser en nous contactant \u00e0 : mativoyagespro@gmail.com<\/span><\/p><h4><span style=\"color: #012370;\"><b>ARTICLE 3 \u2013 DIVULGATION<\/b><\/span><\/h4><p><span style=\"color: #012370;\"><span style=\"font-weight: 400;\">Nous pouvons divulguer vos renseignements personnels si la loi nous oblige \u00e0 le faire ou si vous violez nos Conditions G\u00e9n\u00e9rales de Vente et d\u2019Utilisation.<\/span><span style=\"font-weight: 400;\"><br \/><\/span><\/span><\/p><h4><span style=\"color: #012370;\"><b>ARTICLE 4 \u2013 SERVICES TIERS<\/b><\/span><\/h4><p><span style=\"color: #012370;\"><span style=\"font-weight: 400;\">De mani\u00e8re g\u00e9n\u00e9rale, les fournisseurs tiers que nous utilisons ne recueilleront, n\u2019utiliseront et ne divulgueront vos renseignements que dans la mesure du n\u00e9cessaire pour pouvoir r\u00e9aliser les services qu\u2019ils nous fournissent.<\/span><span style=\"font-weight: 400;\"><br \/><\/span><span style=\"font-weight: 400;\">Cependant, certains fournisseurs de services tiers, tels que les passerelles de paiement et autres processeurs de transactions de paiement, poss\u00e8dent leurs propres politiques de confidentialit\u00e9 quant aux informations que nous sommes tenus de leur fournir pour vos transactions d\u2019achat.<\/span><span style=\"font-weight: 400;\"><br \/><\/span><span style=\"font-weight: 400;\">Nous vous recommandons de lire attentivement leurs politiques de confidentialit\u00e9 afin de comprendre la mani\u00e8re dont vos renseignements personnels seront trait\u00e9s par ces fournisseurs.<\/span><span style=\"font-weight: 400;\"><br \/><\/span><span style=\"font-weight: 400;\">Il est important de noter que certains fournisseurs peuvent \u00eatre situ\u00e9s ou avoir des installations situ\u00e9es dans une juridiction diff\u00e9rente de la v\u00f4tre ou de la n\u00f4tre. Ainsi, si vous d\u00e9cidez de poursuivre une transaction impliquant les services d\u2019un fournisseur tiers, vos renseignements pourraient alors \u00eatre r\u00e9gis par les lois de la juridiction dans laquelle ce fournisseur est situ\u00e9 ou celles de la juridiction o\u00f9 sont situ\u00e9es ses installations.<\/span><\/span><\/p><h4><span style=\"color: #012370;\"><b>ARTICLE 5 \u2013 S\u00c9CURIT\u00c9<\/b><\/span><\/h4><p><span style=\"color: #012370;\"><span style=\"font-weight: 400;\">Pour prot\u00e9ger vos donn\u00e9es personnelles, nous prenons des pr\u00e9cautions raisonnables et suivons les meilleures pratiques de l\u2019industrie pour nous assurer qu\u2019elles ne soient pas perdues, d\u00e9tourn\u00e9es, consult\u00e9es, divulgu\u00e9es, modifi\u00e9es ou d\u00e9truites de mani\u00e8re inappropri\u00e9e.<\/span><span style=\"font-weight: 400;\"><br \/><\/span><span style=\"font-weight: 400;\">Si vous nous fournissez les informations relatives \u00e0 votre carte de cr\u00e9dit, elles seront chiffr\u00e9es par le biais de l\u2019utilisation du protocole de s\u00e9curisation SSL et conserv\u00e9es avec un chiffrement AES-256.<\/span><\/span><\/p><h4><span style=\"color: #012370;\"><b>ARTICLE 6 \u2013 MODIFICATIONS APPORT\u00c9ES \u00c0 CETTE POLITIQUE DE CONFIDENTIALIT\u00c9<\/b><\/span><\/h4><p><span style=\"color: #012370;\"><span style=\"font-weight: 400;\">Nous nous r\u00e9servons le droit de modifier cette politique de confidentialit\u00e9 \u00e0 tout moment, alors veuillez la consulter fr\u00e9quemment. Les modifications et clarifications prendront effet imm\u00e9diatement apr\u00e8s leur publication sur le site web.<\/span><span style=\"font-weight: 400;\"><br \/><\/span><span style=\"font-weight: 400;\">Si nous apportons des changements significatifs \u00e0 cette politique, nous vous informerons ici de sa mise \u00e0 jour, afin que vous sachiez quelles informations nous recueillons, comment nous les utilisons et dans quelles circonstances, le cas \u00e9ch\u00e9ant, nous les utilisons et\/ou les divulguons.<\/span><\/span><\/p><h4><span style=\"color: #012370;\"><b>ARTICLE 7 \u2013 \u00c2GE DE CONSENTEMENT<\/b><\/span><\/h4><p><span style=\"font-weight: 400; color: #012370;\">En utilisant ce site, vous d\u00e9clarez que vous avez au moins l\u2019\u00e2ge de la majorit\u00e9 dans votre \u00c9tat ou province de r\u00e9sidence, et que vous nous avez donn\u00e9 votre consentement pour permettre \u00e0 toute personne d\u2019\u00e2ge mineur \u00e0 votre charge d\u2019utiliser ce site web.<\/span><\/p><p><span style=\"color: #012370;\"><b><br \/>Limitation de responsabilit\u00e9<\/b><\/span><\/p><p><span style=\"font-weight: 400; color: #012370;\">L\u2019utilisateur utilise le site \u00e0 ses seuls risques. En aucun cas, ni MATIVOYAGES, ni ses filiales, ni les membres de son r\u00e9seau ne pourront \u00eatre tenus responsables des dommages directs ou indirects, et notamment pr\u00e9judice moral et physique, pr\u00e9judice financier, concernant leur voyage. MATIVOYAGES conseil avec son expertise et son exp\u00e9rience le voyage qui correspond \u00e0 leur demande. Nous ne prenons aucune d\u00e9cision et aucune responsabilit\u00e9 quant \u00e0 la r\u00e9servation du voyage. Nous conseillons seulement le voyage le mieux adapt\u00e9 pour eux.\u00a0<\/span><\/p><p><span style=\"font-weight: 400; color: #012370;\">\u00a0<\/span><\/p><p><span style=\"color: #012370;\"><b>Droit applicable<\/b><\/span><\/p><p><span style=\"font-weight: 400; color: #012370;\">Les pr\u00e9sentes Conditions G\u00e9n\u00e9rales sont soumises au droit interne fran\u00e7ais. La langue des Conditions G\u00e9n\u00e9rales est la langue fran\u00e7aise. En cas de litige, les tribunaux fran\u00e7ais seront seuls comp\u00e9tents. Le tribunal dont d\u00e9pend MATIVOYAGES est le tribunal d\u2019ORLEANS.<\/span><\/p><p><span style=\"font-weight: 400; color: #012370;\">\u00a0<\/span><\/p><p><span style=\"color: #012370;\"><b>Mise \u00e0 jour des mentions l\u00e9gales<\/b><\/span><\/p><p><span style=\"font-weight: 400; color: #012370;\">La soci\u00e9t\u00e9 MATIVOYAGES se r\u00e9serve le droit de modifier et mettre \u00e0 jour \u00e0 tout moment l\u2019acc\u00e8s au site ainsi que les mentions l\u00e9gales.<\/span><\/p>\t\t\t\t\t\t\t\t<\/div>\n\t\t\t\t<\/div>\n\t\t\t\t\t<\/div>\n\t\t<\/div>\n\t\t\t\t\t<\/div>\n\t\t<\/section>\n\t\t\t\t<\/div>\n\t\t","protected":false},"excerpt":{"rendered":"<p>Mativoyages Le site internet mativoyages.com un site \u00e9dit\u00e9 par l\u2019entreprise Tiphaine CASTRO. Informations g\u00e9n\u00e9rales Repr\u00e9sentant l\u00e9gal et directeur de la publication Le repr\u00e9sentant l\u00e9gal de la soci\u00e9t\u00e9 MATIVOYAGES et le directeur de la publication est Madame Tiphaine Castro dont le [&hellip;]<\/p>\n","protected":false},"author":1,"featured_media":0,"parent":0,"menu_order":0,"comment_status":"closed","ping_status":"closed","template":"full-width.php","meta":{"om_disable_all_campaigns":false,"_monsterinsights_skip_tracking":false,"_monsterinsights_sitenote_active":false,"_monsterinsights_sitenote_note":"","_monsterinsights_sitenote_category":0,"_uf_show_specific_survey":0,"_uf_disable_surveys":false,"footnotes":""},"class_list":["post-8492","page","type-page","status-publish","hentry"],"aioseo_notices":[],"jetpack_sharing_enabled":true,"_links":{"self":[{"href":"https:\/\/mativoyages.com\/index.php?rest_route=\/wp\/v2\/pages\/8492","targetHints":{"allow":["GET"]}}],"collection":[{"href":"https:\/\/mativoyages.com\/index.php?rest_route=\/wp\/v2\/pages"}],"about":[{"href":"https:\/\/mativoyages.com\/index.php?rest_route=\/wp\/v2\/types\/page"}],"author":[{"embeddable":true,"href":"https:\/\/mativoyages.com\/index.php?rest_route=\/wp\/v2\/users\/1"}],"replies":[{"embeddable":true,"href":"https:\/\/mativoyages.com\/index.php?rest_route=%2Fwp%2Fv2%2Fcomments&post=8492"}],"version-history":[{"count":27,"href":"https:\/\/mativoyages.com\/index.php?rest_route=\/wp\/v2\/pages\/8492\/revisions"}],"predecessor-version":[{"id":14102,"href":"https:\/\/mativoyages.com\/index.php?rest_route=\/wp\/v2\/pages\/8492\/revisions\/14102"}],"wp:attachment":[{"href":"https:\/\/mativoyages.com\/index.php?rest_route=%2Fwp%2Fv2%2Fmedia&parent=8492"}],"curies":[{"name":"wp","href":"https:\/\/api.w.org\/{rel}","templated":true}]}}