{"id":10254,"date":"2025-01-20T12:16:42","date_gmt":"2025-01-20T11:16:42","guid":{"rendered":"https:\/\/test.mativoyages.com\/?page_id=10254"},"modified":"2025-04-21T11:58:00","modified_gmt":"2025-04-21T09:58:00","slug":"nos-engagements","status":"publish","type":"page","link":"https:\/\/mativoyages.com\/?page_id=10254","title":{"rendered":"NOS ENGAGEMENTS"},"content":{"rendered":"\t\t<div data-elementor-type=\"wp-page\" data-elementor-id=\"10254\" class=\"elementor elementor-10254\" data-elementor-post-type=\"page\">\n\t\t\t\t\t\t<section class=\"elementor-section elementor-top-section elementor-element elementor-element-d728512 elementor-section-height-min-height elementor-section-full_width elementor-section-stretched elementor-section-height-default elementor-section-items-middle mkdf-parallax-row-no mkdf-content-aligment-left mkdf-row-grid-no\" data-id=\"d728512\" data-element_type=\"section\" data-e-type=\"section\" data-settings=\"{&quot;background_background&quot;:&quot;classic&quot;,&quot;stretch_section&quot;:&quot;section-stretched&quot;}\">\n\t\t\t\t\t\t<div class=\"elementor-container elementor-column-gap-default\">\n\t\t\t\t\t<div class=\"elementor-column elementor-col-100 elementor-top-column elementor-element elementor-element-2df7b22\" data-id=\"2df7b22\" data-element_type=\"column\" data-e-type=\"column\">\n\t\t\t<div class=\"elementor-widget-wrap elementor-element-populated\">\n\t\t\t\t\t\t<div class=\"elementor-element elementor-element-6ce1e12 elementor-widget elementor-widget-heading\" data-id=\"6ce1e12\" data-element_type=\"widget\" data-e-type=\"widget\" data-widget_type=\"heading.default\">\n\t\t\t\t<div class=\"elementor-widget-container\">\n\t\t\t\t\t<h2 class=\"elementor-heading-title elementor-size-default\">NOS ENGAGEMENTS<\/h2>\t\t\t\t<\/div>\n\t\t\t\t<\/div>\n\t\t\t\t\t<\/div>\n\t\t<\/div>\n\t\t\t\t\t<\/div>\n\t\t<\/section>\n\t\t\t\t<section class=\"elementor-section elementor-top-section elementor-element elementor-element-e1ff00b elementor-section-full_width elementor-section-stretched elementor-section-height-default elementor-section-height-default mkdf-parallax-row-no mkdf-content-aligment-left mkdf-row-grid-no\" data-id=\"e1ff00b\" data-element_type=\"section\" data-e-type=\"section\" data-settings=\"{&quot;stretch_section&quot;:&quot;section-stretched&quot;,&quot;background_background&quot;:&quot;classic&quot;}\">\n\t\t\t\t\t\t<div class=\"elementor-container elementor-column-gap-default\">\n\t\t\t\t\t<div class=\"elementor-column elementor-col-50 elementor-top-column elementor-element elementor-element-515ff17\" data-id=\"515ff17\" data-element_type=\"column\" data-e-type=\"column\" data-settings=\"{&quot;background_background&quot;:&quot;classic&quot;}\">\n\t\t\t<div class=\"elementor-widget-wrap elementor-element-populated\">\n\t\t\t\t\t\t<div class=\"elementor-element elementor-element-11bade8 elementor-widget elementor-widget-heading\" data-id=\"11bade8\" data-element_type=\"widget\" data-e-type=\"widget\" data-widget_type=\"heading.default\">\n\t\t\t\t<div class=\"elementor-widget-container\">\n\t\t\t\t\t<h1 class=\"elementor-heading-title elementor-size-default\">Nos engagements<\/h1>\t\t\t\t<\/div>\n\t\t\t\t<\/div>\n\t\t\t\t<div class=\"elementor-element elementor-element-dc6e793 elementor-widget elementor-widget-text-editor\" data-id=\"dc6e793\" data-element_type=\"widget\" data-e-type=\"widget\" data-widget_type=\"text-editor.default\">\n\t\t\t\t<div class=\"elementor-widget-container\">\n\t\t\t\t\t\t\t\t\t<p style=\"text-align: center;\"><span style=\"font-weight: 400;\">Chez Mativoyages, nous croyons que chaque voyage doit \u00eatre une <strong>aventure unique<\/strong>, <strong>m\u00e9morable<\/strong> et parfaitement <strong>adapt\u00e9e \u00e0 vos attentes<\/strong>. Pour cela, nous nous <strong>engageons<\/strong> \u00e0 vous offrir des services de qualit\u00e9, bas\u00e9s sur notre <strong>expertise<\/strong> et notre <strong>passion pour le voyage<\/strong>. Voici nos principaux <strong>engagements<\/strong> \ud83d\udc47\ud83c\udffb<\/span><\/p>\t\t\t\t\t\t\t\t<\/div>\n\t\t\t\t<\/div>\n\t\t\t\t\t<\/div>\n\t\t<\/div>\n\t\t\t\t<div class=\"elementor-column elementor-col-50 elementor-top-column elementor-element elementor-element-0955acb\" data-id=\"0955acb\" data-element_type=\"column\" data-e-type=\"column\">\n\t\t\t<div class=\"elementor-widget-wrap elementor-element-populated\">\n\t\t\t\t\t\t<div class=\"elementor-element elementor-element-c48a2df elementor-widget elementor-widget-image\" data-id=\"c48a2df\" data-element_type=\"widget\" data-e-type=\"widget\" data-widget_type=\"image.default\">\n\t\t\t\t<div class=\"elementor-widget-container\">\n\t\t\t\t\t\t\t\t\t\t\t\t\t\t\t<img decoding=\"async\" src=\"https:\/\/mativoyages.com\/wp-content\/uploads\/elementor\/thumbs\/image00014-scaled-r2grrlbhck77otm6udb8zncfoyihvljkfjt0co7j8g.jpeg\" title=\"Tanzanie, Mati Voyages\" alt=\"Tanzanie, Mati Voyages\" loading=\"lazy\" \/>\t\t\t\t\t\t\t\t\t\t\t\t\t\t\t<\/div>\n\t\t\t\t<\/div>\n\t\t\t\t\t<\/div>\n\t\t<\/div>\n\t\t\t\t\t<\/div>\n\t\t<\/section>\n\t\t\t\t<section class=\"elementor-section elementor-top-section elementor-element elementor-element-c71af4f elementor-section-full_width elementor-section-stretched elementor-section-height-default elementor-section-height-default mkdf-parallax-row-no mkdf-content-aligment-left mkdf-row-grid-no\" data-id=\"c71af4f\" data-element_type=\"section\" data-e-type=\"section\" data-settings=\"{&quot;stretch_section&quot;:&quot;section-stretched&quot;,&quot;background_background&quot;:&quot;classic&quot;}\">\n\t\t\t\t\t\t<div class=\"elementor-container elementor-column-gap-default\">\n\t\t\t\t\t<div class=\"elementor-column elementor-col-50 elementor-top-column elementor-element elementor-element-f4cbc53\" data-id=\"f4cbc53\" data-element_type=\"column\" data-e-type=\"column\" data-settings=\"{&quot;background_background&quot;:&quot;classic&quot;}\">\n\t\t\t<div class=\"elementor-widget-wrap elementor-element-populated\">\n\t\t\t\t\t\t<div class=\"elementor-element elementor-element-0306336 elementor-widget elementor-widget-heading\" data-id=\"0306336\" data-element_type=\"widget\" data-e-type=\"widget\" data-widget_type=\"heading.default\">\n\t\t\t\t<div class=\"elementor-widget-container\">\n\t\t\t\t\t<h1 class=\"elementor-heading-title elementor-size-default\">Qualit\u00e9 et Expertise<\/h1>\t\t\t\t<\/div>\n\t\t\t\t<\/div>\n\t\t\t\t<div class=\"elementor-element elementor-element-f72b780 elementor-widget elementor-widget-text-editor\" data-id=\"f72b780\" data-element_type=\"widget\" data-e-type=\"widget\" data-widget_type=\"text-editor.default\">\n\t\t\t\t<div class=\"elementor-widget-container\">\n\t\t\t\t\t\t\t\t\t<p style=\"text-align: center;\"><span style=\"font-weight: 400;\">Forts de notre exp\u00e9rience dans plus de <strong>35 pays<\/strong>, nous mettons tout en \u0153uvre pour vous offrir un service de <strong>haute qualit\u00e9<\/strong>. Nous s\u00e9lectionnons minutieusement chaque aspect de votre voyage, des h\u00e9bergements aux activit\u00e9s, en passant par les transports, pour garantir une <strong>exp\u00e9rience fluide<\/strong> et <strong>sans stress.<\/strong> Gr\u00e2ce \u00e0 notre expertise, nous vous offrons des <strong>conseils personnalis\u00e9s<\/strong> et des <strong>itin\u00e9raires sur mesure<\/strong>, parfaitement adapt\u00e9s \u00e0 vos <strong>envies<\/strong> et \u00e0 votre <strong>budget<\/strong>.<\/span><\/p>\t\t\t\t\t\t\t\t<\/div>\n\t\t\t\t<\/div>\n\t\t\t\t\t<\/div>\n\t\t<\/div>\n\t\t\t\t<div class=\"elementor-column elementor-col-50 elementor-top-column elementor-element elementor-element-9aa69c2\" data-id=\"9aa69c2\" data-element_type=\"column\" data-e-type=\"column\">\n\t\t\t<div class=\"elementor-widget-wrap elementor-element-populated\">\n\t\t\t\t\t\t<div class=\"elementor-element elementor-element-eae8cc7 elementor-widget elementor-widget-image\" data-id=\"eae8cc7\" data-element_type=\"widget\" data-e-type=\"widget\" data-widget_type=\"image.default\">\n\t\t\t\t<div class=\"elementor-widget-container\">\n\t\t\t\t\t\t\t\t\t\t\t\t\t\t\t<img decoding=\"async\" src=\"https:\/\/mativoyages.com\/wp-content\/uploads\/elementor\/thumbs\/image00004-scaled-r2gruq444ohme12cjq2hauvqz72jj9zcv239xvkahs.jpeg\" title=\"Rizi\u00e8res \u00e0 Bali &#8211; Mati Voyages\" alt=\"Rizi\u00e8res \u00e0 Bali - Mati Voyages\" loading=\"lazy\" \/>\t\t\t\t\t\t\t\t\t\t\t\t\t\t\t<\/div>\n\t\t\t\t<\/div>\n\t\t\t\t\t<\/div>\n\t\t<\/div>\n\t\t\t\t\t<\/div>\n\t\t<\/section>\n\t\t\t\t<section class=\"elementor-section elementor-top-section elementor-element elementor-element-e48f3a2 elementor-section-full_width elementor-section-stretched elementor-section-height-default elementor-section-height-default mkdf-parallax-row-no mkdf-content-aligment-left mkdf-row-grid-no\" data-id=\"e48f3a2\" data-element_type=\"section\" data-e-type=\"section\" data-settings=\"{&quot;stretch_section&quot;:&quot;section-stretched&quot;,&quot;background_background&quot;:&quot;classic&quot;}\">\n\t\t\t\t\t\t<div class=\"elementor-container elementor-column-gap-default\">\n\t\t\t\t\t<div class=\"elementor-column elementor-col-50 elementor-top-column elementor-element elementor-element-4dca14a\" data-id=\"4dca14a\" data-element_type=\"column\" data-e-type=\"column\" data-settings=\"{&quot;background_background&quot;:&quot;classic&quot;}\">\n\t\t\t<div class=\"elementor-widget-wrap elementor-element-populated\">\n\t\t\t\t\t\t<div class=\"elementor-element elementor-element-274703f elementor-widget elementor-widget-heading\" data-id=\"274703f\" data-element_type=\"widget\" data-e-type=\"widget\" data-widget_type=\"heading.default\">\n\t\t\t\t<div class=\"elementor-widget-container\">\n\t\t\t\t\t<h1 class=\"elementor-heading-title elementor-size-default\">Privil\u00e9gier les Activit\u00e9s Locales\n<\/h1>\t\t\t\t<\/div>\n\t\t\t\t<\/div>\n\t\t\t\t<div class=\"elementor-element elementor-element-9fd057e elementor-widget elementor-widget-text-editor\" data-id=\"9fd057e\" data-element_type=\"widget\" data-e-type=\"widget\" data-widget_type=\"text-editor.default\">\n\t\t\t\t<div class=\"elementor-widget-container\">\n\t\t\t\t\t\t\t\t\t<p style=\"text-align: center;\"><span style=\"font-weight: 400;\">Nous croyons que le voyage est un moyen puissant de d\u00e9couvrir la <strong>culture et les traditions locales<\/strong>. C\u2019est pourquoi nous privil\u00e9gions les <strong>activit\u00e9s locales<\/strong> qui vous permettent d&rsquo;explorer de mani\u00e8re <strong>authentique<\/strong> chaque destination. En choisissant en priorit\u00e9 des <strong>prestataires locaux<\/strong> et en soutenant les <strong>entreprises<\/strong> de la <strong>r\u00e9gion<\/strong>, nous vous offrons une immersion totale tout en contribuant \u00e0 l&rsquo;<strong>\u00e9conomie locale<\/strong>. Vous vivrez des <strong>exp\u00e9riences uniques<\/strong> et loin des circuits touristiques classiques.<\/span><\/p><p style=\"text-align: center;\">\u00a0<\/p>\t\t\t\t\t\t\t\t<\/div>\n\t\t\t\t<\/div>\n\t\t\t\t\t<\/div>\n\t\t<\/div>\n\t\t\t\t<div class=\"elementor-column elementor-col-50 elementor-top-column elementor-element elementor-element-052bba0\" data-id=\"052bba0\" data-element_type=\"column\" data-e-type=\"column\">\n\t\t\t<div class=\"elementor-widget-wrap elementor-element-populated\">\n\t\t\t\t\t\t<div class=\"elementor-element elementor-element-e56aa01 elementor-widget elementor-widget-image\" data-id=\"e56aa01\" data-element_type=\"widget\" data-e-type=\"widget\" data-widget_type=\"image.default\">\n\t\t\t\t<div class=\"elementor-widget-container\">\n\t\t\t\t\t\t\t\t\t\t\t\t\t\t\t<img decoding=\"async\" src=\"https:\/\/mativoyages.com\/wp-content\/uploads\/elementor\/thumbs\/image00006-scaled-r2gru896itt69fsag0ckhhdzovikh10gglp1tmars0.jpeg\" title=\"Hotel \u00e0 Bali &#8211; Mati Voyages\" alt=\"Hotel \u00e0 Bali - Mati Voyages\" loading=\"lazy\" \/>\t\t\t\t\t\t\t\t\t\t\t\t\t\t\t<\/div>\n\t\t\t\t<\/div>\n\t\t\t\t\t<\/div>\n\t\t<\/div>\n\t\t\t\t\t<\/div>\n\t\t<\/section>\n\t\t\t\t<section class=\"elementor-section elementor-top-section elementor-element elementor-element-cf51e8b elementor-section-full_width elementor-section-stretched elementor-section-height-default elementor-section-height-default mkdf-parallax-row-no mkdf-content-aligment-left mkdf-row-grid-no\" data-id=\"cf51e8b\" data-element_type=\"section\" data-e-type=\"section\" data-settings=\"{&quot;stretch_section&quot;:&quot;section-stretched&quot;,&quot;background_background&quot;:&quot;classic&quot;}\">\n\t\t\t\t\t\t<div class=\"elementor-container elementor-column-gap-default\">\n\t\t\t\t\t<div class=\"elementor-column elementor-col-50 elementor-top-column elementor-element elementor-element-bebbe10\" data-id=\"bebbe10\" data-element_type=\"column\" data-e-type=\"column\" data-settings=\"{&quot;background_background&quot;:&quot;classic&quot;}\">\n\t\t\t<div class=\"elementor-widget-wrap elementor-element-populated\">\n\t\t\t\t\t\t<div class=\"elementor-element elementor-element-2c8feac elementor-widget elementor-widget-heading\" data-id=\"2c8feac\" data-element_type=\"widget\" data-e-type=\"widget\" data-widget_type=\"heading.default\">\n\t\t\t\t<div class=\"elementor-widget-container\">\n\t\t\t\t\t<h1 class=\"elementor-heading-title elementor-size-default\">Suivi Continu et <br>Accompagnement Personnalis\u00e9\n\n<\/h1>\t\t\t\t<\/div>\n\t\t\t\t<\/div>\n\t\t\t\t<div class=\"elementor-element elementor-element-e90d42f elementor-widget elementor-widget-text-editor\" data-id=\"e90d42f\" data-element_type=\"widget\" data-e-type=\"widget\" data-widget_type=\"text-editor.default\">\n\t\t\t\t<div class=\"elementor-widget-container\">\n\t\t\t\t\t\t\t\t\t<p style=\"text-align: center;\"><span style=\"font-weight: 400;\">Nous nous engageons \u00e0 vous offrir un<strong> suivi continu<\/strong> tout au long de votre voyage. Notre \u00e9quipe reste disponible avant, pendant et apr\u00e8s votre s\u00e9jour pour r\u00e9pondre \u00e0 toutes vos questions et r\u00e9soudre toute \u00e9ventuelle probl\u00e9matique. Nous sommes l\u00e0 pour vous <strong>accompagner<\/strong> et nous assurer que chaque d\u00e9tail de votre aventure se d\u00e9roule comme pr\u00e9vu, vous garantissant ainsi une exp\u00e9rience <strong>sans stress<\/strong> et <strong>sur mesure<\/strong>.<\/span><\/p><p style=\"text-align: center;\">\u00a0<\/p>\t\t\t\t\t\t\t\t<\/div>\n\t\t\t\t<\/div>\n\t\t\t\t\t<\/div>\n\t\t<\/div>\n\t\t\t\t<div class=\"elementor-column elementor-col-50 elementor-top-column elementor-element elementor-element-38dc727\" data-id=\"38dc727\" data-element_type=\"column\" data-e-type=\"column\">\n\t\t\t<div class=\"elementor-widget-wrap elementor-element-populated\">\n\t\t\t\t\t\t<div class=\"elementor-element elementor-element-863662b elementor-widget elementor-widget-image\" data-id=\"863662b\" data-element_type=\"widget\" data-e-type=\"widget\" data-widget_type=\"image.default\">\n\t\t\t\t<div class=\"elementor-widget-container\">\n\t\t\t\t\t\t\t\t\t\t\t\t\t\t\t<img decoding=\"async\" src=\"https:\/\/mativoyages.com\/wp-content\/uploads\/elementor\/thumbs\/image00002-scaled-r2grvj940jlidxw0tknwy5j1e52x5w71b2bbtgd34w.jpeg\" title=\"Budapest &#8211; Mati Voyages\" alt=\"Budapest - Mati Voyages\" loading=\"lazy\" \/>\t\t\t\t\t\t\t\t\t\t\t\t\t\t\t<\/div>\n\t\t\t\t<\/div>\n\t\t\t\t\t<\/div>\n\t\t<\/div>\n\t\t\t\t\t<\/div>\n\t\t<\/section>\n\t\t\t\t<section class=\"elementor-section elementor-top-section elementor-element elementor-element-94d5e4d elementor-section-full_width elementor-section-stretched elementor-section-height-default elementor-section-height-default mkdf-parallax-row-no mkdf-content-aligment-left mkdf-row-grid-no\" data-id=\"94d5e4d\" data-element_type=\"section\" data-e-type=\"section\" data-settings=\"{&quot;stretch_section&quot;:&quot;section-stretched&quot;,&quot;background_background&quot;:&quot;classic&quot;}\">\n\t\t\t\t\t\t<div class=\"elementor-container elementor-column-gap-default\">\n\t\t\t\t\t<div class=\"elementor-column elementor-col-50 elementor-top-column elementor-element elementor-element-594cc91\" data-id=\"594cc91\" data-element_type=\"column\" data-e-type=\"column\" data-settings=\"{&quot;background_background&quot;:&quot;classic&quot;}\">\n\t\t\t<div class=\"elementor-widget-wrap elementor-element-populated\">\n\t\t\t\t\t\t<div class=\"elementor-element elementor-element-100abcb elementor-widget elementor-widget-heading\" data-id=\"100abcb\" data-element_type=\"widget\" data-e-type=\"widget\" data-widget_type=\"heading.default\">\n\t\t\t\t<div class=\"elementor-widget-container\">\n\t\t\t\t\t<h1 class=\"elementor-heading-title elementor-size-default\">Transparence Totale\n\n<\/h1>\t\t\t\t<\/div>\n\t\t\t\t<\/div>\n\t\t\t\t<div class=\"elementor-element elementor-element-a1388fd elementor-widget elementor-widget-text-editor\" data-id=\"a1388fd\" data-element_type=\"widget\" data-e-type=\"widget\" data-widget_type=\"text-editor.default\">\n\t\t\t\t<div class=\"elementor-widget-container\">\n\t\t\t\t\t\t\t\t\t<p style=\"text-align: center;\"><span style=\"font-weight: 400;\">Nous croyons fermement en une <strong>communication ouverte<\/strong> et <strong>honn\u00eate<\/strong> avec nos clients. Nos prix sont clairs, sans surprise et comp\u00e9titifs, afin de vous offrir le <strong>meilleur rapport qualit\u00e9-prix<\/strong>. Vous aurez toujours une id\u00e9e pr\u00e9cise de ce qui est inclus dans votre voyage, <strong>sans frais cach\u00e9s<\/strong>. Nous nous engageons \u00e9galement \u00e0 vous fournir toutes les informations n\u00e9cessaires pour prendre des d\u00e9cisions \u00e9clair\u00e9es, en toute transparence.<\/span><\/p><p style=\"text-align: center;\">\u00a0<\/p>\t\t\t\t\t\t\t\t<\/div>\n\t\t\t\t<\/div>\n\t\t\t\t\t<\/div>\n\t\t<\/div>\n\t\t\t\t<div class=\"elementor-column elementor-col-50 elementor-top-column elementor-element elementor-element-0630717\" data-id=\"0630717\" data-element_type=\"column\" data-e-type=\"column\">\n\t\t\t<div class=\"elementor-widget-wrap elementor-element-populated\">\n\t\t\t\t\t\t<div class=\"elementor-element elementor-element-7dc1128 elementor-widget elementor-widget-image\" data-id=\"7dc1128\" data-element_type=\"widget\" data-e-type=\"widget\" data-widget_type=\"image.default\">\n\t\t\t\t<div class=\"elementor-widget-container\">\n\t\t\t\t\t\t\t\t\t\t\t\t\t\t\t<img decoding=\"async\" src=\"https:\/\/mativoyages.com\/wp-content\/uploads\/elementor\/thumbs\/image00003-scaled-r2grv8wvxd7cu8b1hy70oq4yuwhvt81zln4zjesf1c.jpeg\" title=\"Petit dej \u00e0 Bali &#8211; Mati Voyages\" alt=\"Petit dej \u00e0 Bali - Mati Voyages\" loading=\"lazy\" \/>\t\t\t\t\t\t\t\t\t\t\t\t\t\t\t<\/div>\n\t\t\t\t<\/div>\n\t\t\t\t\t<\/div>\n\t\t<\/div>\n\t\t\t\t\t<\/div>\n\t\t<\/section>\n\t\t\t\t<section class=\"elementor-section elementor-top-section elementor-element elementor-element-bedce6f elementor-section-full_width elementor-section-stretched elementor-section-height-default elementor-section-height-default mkdf-parallax-row-no mkdf-content-aligment-left mkdf-row-grid-no\" data-id=\"bedce6f\" data-element_type=\"section\" data-e-type=\"section\" data-settings=\"{&quot;stretch_section&quot;:&quot;section-stretched&quot;,&quot;background_background&quot;:&quot;classic&quot;}\">\n\t\t\t\t\t\t<div class=\"elementor-container elementor-column-gap-default\">\n\t\t\t\t\t<div class=\"elementor-column elementor-col-50 elementor-top-column elementor-element elementor-element-fc9d3d6\" data-id=\"fc9d3d6\" data-element_type=\"column\" data-e-type=\"column\" data-settings=\"{&quot;background_background&quot;:&quot;classic&quot;}\">\n\t\t\t<div class=\"elementor-widget-wrap elementor-element-populated\">\n\t\t\t\t\t\t<div class=\"elementor-element elementor-element-f723021 elementor-widget elementor-widget-heading\" data-id=\"f723021\" data-element_type=\"widget\" data-e-type=\"widget\" data-widget_type=\"heading.default\">\n\t\t\t\t<div class=\"elementor-widget-container\">\n\t\t\t\t\t<h1 class=\"elementor-heading-title elementor-size-default\">Personnalisation \n\n<\/h1>\t\t\t\t<\/div>\n\t\t\t\t<\/div>\n\t\t\t\t<div class=\"elementor-element elementor-element-516c12b elementor-widget elementor-widget-text-editor\" data-id=\"516c12b\" data-element_type=\"widget\" data-e-type=\"widget\" data-widget_type=\"text-editor.default\">\n\t\t\t\t<div class=\"elementor-widget-container\">\n\t\t\t\t\t\t\t\t\t<p style=\"text-align: center;\"><span style=\"font-weight: 400;\">Chez Mativoyages, chaque voyage est <strong>unique.<\/strong> Nous nous engageons \u00e0 <strong>personnaliser<\/strong> enti\u00e8rement votre s\u00e9jour en fonction de vos <strong>go\u00fbts,<\/strong> de vos <strong>envies<\/strong> et de votre <strong>budget.<\/strong> Que vous soyez \u00e0 la recherche <strong>d&rsquo;aventure,<\/strong> de <strong>d\u00e9tente<\/strong> ou de <strong>d\u00e9couvertes culturelles<\/strong>, nous concevons des itin\u00e9raires sur mesure pour r\u00e9pondre \u00e0 vos attentes et vous offrir une <strong>exp\u00e9rience<\/strong> qui vous ressemble. Nous adaptons \u00e9galement nos recommandations selon <strong>vos pr\u00e9f\u00e9rences<\/strong>, en vous guidant vers <strong>des destinations qui vous correspondent pleinement.<\/strong><\/span><span style=\"font-weight: 400;\"><br \/><\/span><\/p><p style=\"text-align: center;\">\u00a0<\/p>\t\t\t\t\t\t\t\t<\/div>\n\t\t\t\t<\/div>\n\t\t\t\t\t<\/div>\n\t\t<\/div>\n\t\t\t\t<div class=\"elementor-column elementor-col-50 elementor-top-column elementor-element elementor-element-418c62f\" data-id=\"418c62f\" data-element_type=\"column\" data-e-type=\"column\">\n\t\t\t<div class=\"elementor-widget-wrap elementor-element-populated\">\n\t\t\t\t\t\t<div class=\"elementor-element elementor-element-658456c elementor-widget elementor-widget-image\" data-id=\"658456c\" data-element_type=\"widget\" data-e-type=\"widget\" data-widget_type=\"image.default\">\n\t\t\t\t<div class=\"elementor-widget-container\">\n\t\t\t\t\t\t\t\t\t\t\t\t\t\t\t<img decoding=\"async\" src=\"https:\/\/mativoyages.com\/wp-content\/uploads\/elementor\/thumbs\/image00005-scaled-r2gruilem07bt5d9rmtgqws2843ltp5i60ve3nvfvk.jpeg\" title=\"Piscine \u00e0 Bali &#8211; Mati Voyages\" alt=\"Piscine \u00e0 Bali - Mati Voyages\" loading=\"lazy\" \/>\t\t\t\t\t\t\t\t\t\t\t\t\t\t\t<\/div>\n\t\t\t\t<\/div>\n\t\t\t\t\t<\/div>\n\t\t<\/div>\n\t\t\t\t\t<\/div>\n\t\t<\/section>\n\t\t\t\t<\/div>\n\t\t","protected":false},"excerpt":{"rendered":"<p>NOS ENGAGEMENTS Nos engagements Chez Mativoyages, nous croyons que chaque voyage doit \u00eatre une aventure unique, m\u00e9morable et parfaitement adapt\u00e9e \u00e0 vos attentes. Pour cela, nous nous engageons \u00e0 vous offrir des services de qualit\u00e9, bas\u00e9s sur notre expertise et [&hellip;]<\/p>\n","protected":false},"author":1,"featured_media":0,"parent":0,"menu_order":0,"comment_status":"closed","ping_status":"closed","template":"","meta":{"om_disable_all_campaigns":false,"_monsterinsights_skip_tracking":false,"_monsterinsights_sitenote_active":false,"_monsterinsights_sitenote_note":"","_monsterinsights_sitenote_category":0,"_uf_show_specific_survey":0,"_uf_disable_surveys":false,"footnotes":""},"class_list":["post-10254","page","type-page","status-publish","hentry"],"aioseo_notices":[],"jetpack_sharing_enabled":true,"_links":{"self":[{"href":"https:\/\/mativoyages.com\/index.php?rest_route=\/wp\/v2\/pages\/10254","targetHints":{"allow":["GET"]}}],"collection":[{"href":"https:\/\/mativoyages.com\/index.php?rest_route=\/wp\/v2\/pages"}],"about":[{"href":"https:\/\/mativoyages.com\/index.php?rest_route=\/wp\/v2\/types\/page"}],"author":[{"embeddable":true,"href":"https:\/\/mativoyages.com\/index.php?rest_route=\/wp\/v2\/users\/1"}],"replies":[{"embeddable":true,"href":"https:\/\/mativoyages.com\/index.php?rest_route=%2Fwp%2Fv2%2Fcomments&post=10254"}],"version-history":[{"count":108,"href":"https:\/\/mativoyages.com\/index.php?rest_route=\/wp\/v2\/pages\/10254\/revisions"}],"predecessor-version":[{"id":14211,"href":"https:\/\/mativoyages.com\/index.php?rest_route=\/wp\/v2\/pages\/10254\/revisions\/14211"}],"wp:attachment":[{"href":"https:\/\/mativoyages.com\/index.php?rest_route=%2Fwp%2Fv2%2Fmedia&parent=10254"}],"curies":[{"name":"wp","href":"https:\/\/api.w.org\/{rel}","templated":true}]}}