{"id":10252,"date":"2025-01-20T12:16:59","date_gmt":"2025-01-20T11:16:59","guid":{"rendered":"https:\/\/test.mativoyages.com\/?page_id=10252"},"modified":"2025-04-21T11:54:18","modified_gmt":"2025-04-21T09:54:18","slug":"notre-histoire","status":"publish","type":"page","link":"https:\/\/mativoyages.com\/?page_id=10252","title":{"rendered":"NOTRE HISTOIRE"},"content":{"rendered":"\t\t<div data-elementor-type=\"wp-page\" data-elementor-id=\"10252\" class=\"elementor elementor-10252\" data-elementor-post-type=\"page\">\n\t\t\t\t\t\t<section class=\"elementor-section elementor-top-section elementor-element elementor-element-e8e29f0 elementor-section-height-min-height elementor-section-full_width elementor-section-stretched elementor-section-height-default elementor-section-items-middle mkdf-parallax-row-no mkdf-content-aligment-left mkdf-row-grid-no\" data-id=\"e8e29f0\" data-element_type=\"section\" data-e-type=\"section\" data-settings=\"{&quot;background_background&quot;:&quot;classic&quot;,&quot;stretch_section&quot;:&quot;section-stretched&quot;}\">\n\t\t\t\t\t\t<div class=\"elementor-container elementor-column-gap-default\">\n\t\t\t\t\t<div class=\"elementor-column elementor-col-100 elementor-top-column elementor-element elementor-element-badaa51\" data-id=\"badaa51\" data-element_type=\"column\" data-e-type=\"column\">\n\t\t\t<div class=\"elementor-widget-wrap elementor-element-populated\">\n\t\t\t\t\t\t<div class=\"elementor-element elementor-element-1f29e89 elementor-absolute elementor-widget elementor-widget-heading\" data-id=\"1f29e89\" data-element_type=\"widget\" data-e-type=\"widget\" data-settings=\"{&quot;_position&quot;:&quot;absolute&quot;}\" data-widget_type=\"heading.default\">\n\t\t\t\t<div class=\"elementor-widget-container\">\n\t\t\t\t\t<h2 class=\"elementor-heading-title elementor-size-default\">NOTRE HISTOIRE<\/h2>\t\t\t\t<\/div>\n\t\t\t\t<\/div>\n\t\t\t\t\t<\/div>\n\t\t<\/div>\n\t\t\t\t\t<\/div>\n\t\t<\/section>\n\t\t\t\t<section class=\"elementor-section elementor-top-section elementor-element elementor-element-74dafda elementor-section-full_width elementor-section-stretched elementor-section-height-default elementor-section-height-default mkdf-parallax-row-no mkdf-content-aligment-left mkdf-row-grid-no\" data-id=\"74dafda\" data-element_type=\"section\" data-e-type=\"section\" data-settings=\"{&quot;background_background&quot;:&quot;classic&quot;,&quot;stretch_section&quot;:&quot;section-stretched&quot;}\">\n\t\t\t\t\t\t<div class=\"elementor-container elementor-column-gap-default\">\n\t\t\t\t\t<div class=\"elementor-column elementor-col-100 elementor-top-column elementor-element elementor-element-f3f0913\" data-id=\"f3f0913\" data-element_type=\"column\" data-e-type=\"column\">\n\t\t\t<div class=\"elementor-widget-wrap elementor-element-populated\">\n\t\t\t\t\t\t<div class=\"elementor-element elementor-element-816f872 elementor-widget elementor-widget-text-editor\" data-id=\"816f872\" data-element_type=\"widget\" data-e-type=\"widget\" data-widget_type=\"text-editor.default\">\n\t\t\t\t<div class=\"elementor-widget-container\">\n\t\t\t\t\t\t\t\t\t<p><span style=\"font-weight: 400;\">Nous sommes <strong>Tiphaine et Matthieu<\/strong>, un couple passionn\u00e9 par les voyages, <br><\/span><span style=\"font-weight: 400;\">les d\u00e9couvertes et l\u2019aventure.<\/span><\/p>\n<p><br><\/p>\n<p><span style=\"font-weight: 400;\">Notre histoire a pris vie au c\u0153ur de nos <strong>voyages<\/strong>. <br>C&rsquo;est lors de nos <strong>escapades<\/strong> \u00e0 travers le monde que nous nous sommes rencontr\u00e9s <br><\/span><span style=\"font-weight: 400;\">et que notre <strong>passion<\/strong> commune pour l\u2019exploration a pris tout son sens.<\/span><\/p>\t\t\t\t\t\t\t\t<\/div>\n\t\t\t\t<\/div>\n\t\t\t\t<div class=\"elementor-element elementor-element-197aa82 elementor-widget elementor-widget-image\" data-id=\"197aa82\" data-element_type=\"widget\" data-e-type=\"widget\" data-widget_type=\"image.default\">\n\t\t\t\t<div class=\"elementor-widget-container\">\n\t\t\t\t\t\t\t\t\t\t\t\t\t\t\t<img decoding=\"async\" width=\"120\" height=\"120\" src=\"https:\/\/mativoyages.com\/wp-content\/uploads\/2025\/02\/favicon-120x120.png\" class=\"attachment-wpt-testimonial-thumbnail-120 size-wpt-testimonial-thumbnail-120 wp-image-11434\" alt=\"\" srcset=\"https:\/\/mativoyages.com\/wp-content\/uploads\/2025\/02\/favicon-120x120.png 120w, https:\/\/mativoyages.com\/wp-content\/uploads\/2025\/02\/favicon-150x150.png 150w, https:\/\/mativoyages.com\/wp-content\/uploads\/2025\/02\/favicon-60x60.png 60w, https:\/\/mativoyages.com\/wp-content\/uploads\/2025\/02\/favicon-80x80.png 80w, https:\/\/mativoyages.com\/wp-content\/uploads\/2025\/02\/elementor\/thumbs\/favicon-r1osz5k3nzrm43z9jik8l3z2l1gdv550pe7ypku3fs.png 100w, https:\/\/mativoyages.com\/wp-content\/uploads\/2025\/02\/favicon-140x140.png 140w, https:\/\/mativoyages.com\/wp-content\/uploads\/2025\/02\/favicon-200x200.png 200w, https:\/\/mativoyages.com\/wp-content\/uploads\/2025\/02\/favicon-360x360.png 360w, https:\/\/mativoyages.com\/wp-content\/uploads\/2025\/02\/favicon-390x390.png 390w, https:\/\/mativoyages.com\/wp-content\/uploads\/2025\/02\/favicon-460x460.png 460w, https:\/\/mativoyages.com\/wp-content\/uploads\/2025\/02\/favicon-554x554.png 554w, https:\/\/mativoyages.com\/wp-content\/uploads\/2025\/02\/favicon-650x650.png 650w, https:\/\/mativoyages.com\/wp-content\/uploads\/2025\/02\/favicon-300x300.png 300w\" sizes=\"(max-width: 120px) 100vw, 120px\" \/>\t\t\t\t\t\t\t\t\t\t\t\t\t\t\t<\/div>\n\t\t\t\t<\/div>\n\t\t\t\t\t<\/div>\n\t\t<\/div>\n\t\t\t\t\t<\/div>\n\t\t<\/section>\n\t\t\t\t<section class=\"elementor-section elementor-top-section elementor-element elementor-element-ba08aeb elementor-section-stretched elementor-section-boxed elementor-section-height-default elementor-section-height-default mkdf-parallax-row-no mkdf-content-aligment-left mkdf-row-grid-no\" data-id=\"ba08aeb\" data-element_type=\"section\" data-e-type=\"section\" data-settings=\"{&quot;background_background&quot;:&quot;classic&quot;,&quot;stretch_section&quot;:&quot;section-stretched&quot;}\">\n\t\t\t\t\t\t<div class=\"elementor-container elementor-column-gap-custom\">\n\t\t\t\t\t<div class=\"elementor-column elementor-col-50 elementor-top-column elementor-element elementor-element-e0afd0b\" data-id=\"e0afd0b\" data-element_type=\"column\" data-e-type=\"column\">\n\t\t\t<div class=\"elementor-widget-wrap elementor-element-populated\">\n\t\t\t\t\t\t<div class=\"elementor-element elementor-element-f8d6554 elementor-widget elementor-widget-image\" data-id=\"f8d6554\" data-element_type=\"widget\" data-e-type=\"widget\" data-widget_type=\"image.default\">\n\t\t\t\t<div class=\"elementor-widget-container\">\n\t\t\t\t\t\t\t\t\t\t\t\t\t\t\t<img fetchpriority=\"high\" decoding=\"async\" width=\"650\" height=\"650\" src=\"https:\/\/mativoyages.com\/wp-content\/uploads\/2025\/01\/image00001-650x650.jpeg\" class=\"attachment-backpacktraveler_mikado_image_square size-backpacktraveler_mikado_image_square wp-image-10820\" alt=\"\" srcset=\"https:\/\/mativoyages.com\/wp-content\/uploads\/2025\/01\/image00001-650x650.jpeg 650w, https:\/\/mativoyages.com\/wp-content\/uploads\/2025\/01\/image00001-150x150.jpeg 150w, https:\/\/mativoyages.com\/wp-content\/uploads\/2025\/01\/image00001-60x60.jpeg 60w, https:\/\/mativoyages.com\/wp-content\/uploads\/2025\/01\/image00001-80x80.jpeg 80w, https:\/\/mativoyages.com\/wp-content\/uploads\/2025\/01\/image00001-100x100.jpeg 100w, https:\/\/mativoyages.com\/wp-content\/uploads\/2025\/01\/image00001-120x120.jpeg 120w, https:\/\/mativoyages.com\/wp-content\/uploads\/2025\/01\/image00001-140x140.jpeg 140w, https:\/\/mativoyages.com\/wp-content\/uploads\/2025\/01\/image00001-200x200.jpeg 200w, https:\/\/mativoyages.com\/wp-content\/uploads\/2025\/01\/image00001-360x360.jpeg 360w, https:\/\/mativoyages.com\/wp-content\/uploads\/2025\/01\/image00001-390x390.jpeg 390w, https:\/\/mativoyages.com\/wp-content\/uploads\/2025\/01\/image00001-460x460.jpeg 460w, https:\/\/mativoyages.com\/wp-content\/uploads\/2025\/01\/image00001-554x554.jpeg 554w, https:\/\/mativoyages.com\/wp-content\/uploads\/2025\/01\/image00001-1300x1300.jpeg 1300w, https:\/\/mativoyages.com\/wp-content\/uploads\/2025\/01\/image00001-300x300.jpeg 300w\" sizes=\"(max-width: 650px) 100vw, 650px\" \/>\t\t\t\t\t\t\t\t\t\t\t\t\t\t\t<\/div>\n\t\t\t\t<\/div>\n\t\t\t\t\t<\/div>\n\t\t<\/div>\n\t\t\t\t<div class=\"elementor-column elementor-col-50 elementor-top-column elementor-element elementor-element-9f276d0\" data-id=\"9f276d0\" data-element_type=\"column\" data-e-type=\"column\" data-settings=\"{&quot;background_background&quot;:&quot;classic&quot;}\">\n\t\t\t<div class=\"elementor-widget-wrap elementor-element-populated\">\n\t\t\t\t\t\t<div class=\"elementor-element elementor-element-71095cb elementor-widget elementor-widget-text-editor\" data-id=\"71095cb\" data-element_type=\"widget\" data-e-type=\"widget\" data-widget_type=\"text-editor.default\">\n\t\t\t\t<div class=\"elementor-widget-container\">\n\t\t\t\t\t\t\t\t\t<p><span style=\"font-weight: 400;\">Aujourd\u2019hui, avec plus de <strong>35 pays visit\u00e9s<\/strong> \u00e0 notre actif, nous avons \u00e0 c\u0153ur de <strong>partager<\/strong> nos <strong>exp\u00e9riences<\/strong>, nos bons plans et nos <strong>astuces<\/strong> pour aider les autres \u00e0 voyager autrement. \u00c0 travers nos r\u00e9seaux sociaux, nous avons cr\u00e9\u00e9 une communaut\u00e9 <strong>d\u2019amoureux du voyage<\/strong>, toujours en qu\u00eate du <strong>meilleur rapport qualit\u00e9-prix<\/strong>.<\/span><\/p>\t\t\t\t\t\t\t\t<\/div>\n\t\t\t\t<\/div>\n\t\t\t\t\t<\/div>\n\t\t<\/div>\n\t\t\t\t\t<\/div>\n\t\t<\/section>\n\t\t\t\t<section class=\"elementor-section elementor-top-section elementor-element elementor-element-da52099 elementor-section-stretched elementor-section-boxed elementor-section-height-default elementor-section-height-default mkdf-parallax-row-no mkdf-content-aligment-left mkdf-row-grid-no\" data-id=\"da52099\" data-element_type=\"section\" data-e-type=\"section\" data-settings=\"{&quot;background_background&quot;:&quot;classic&quot;,&quot;stretch_section&quot;:&quot;section-stretched&quot;}\">\n\t\t\t\t\t\t<div class=\"elementor-container elementor-column-gap-custom\">\n\t\t\t\t\t<div class=\"elementor-column elementor-col-50 elementor-top-column elementor-element elementor-element-177aeb4\" data-id=\"177aeb4\" data-element_type=\"column\" data-e-type=\"column\">\n\t\t\t<div class=\"elementor-widget-wrap elementor-element-populated\">\n\t\t\t\t\t\t<div class=\"elementor-element elementor-element-980038a elementor-widget elementor-widget-image\" data-id=\"980038a\" data-element_type=\"widget\" data-e-type=\"widget\" data-widget_type=\"image.default\">\n\t\t\t\t<div class=\"elementor-widget-container\">\n\t\t\t\t\t\t\t\t\t\t\t\t\t\t\t<img decoding=\"async\" width=\"650\" height=\"650\" src=\"https:\/\/mativoyages.com\/wp-content\/uploads\/2025\/01\/image00010-650x650.jpeg\" class=\"attachment-backpacktraveler_mikado_image_square size-backpacktraveler_mikado_image_square wp-image-10829\" alt=\"\" srcset=\"https:\/\/mativoyages.com\/wp-content\/uploads\/2025\/01\/image00010-650x650.jpeg 650w, https:\/\/mativoyages.com\/wp-content\/uploads\/2025\/01\/image00010-150x150.jpeg 150w, https:\/\/mativoyages.com\/wp-content\/uploads\/2025\/01\/image00010-60x60.jpeg 60w, https:\/\/mativoyages.com\/wp-content\/uploads\/2025\/01\/image00010-80x80.jpeg 80w, https:\/\/mativoyages.com\/wp-content\/uploads\/2025\/01\/image00010-scaled-100x100.jpeg 100w, https:\/\/mativoyages.com\/wp-content\/uploads\/2025\/01\/image00010-120x120.jpeg 120w, https:\/\/mativoyages.com\/wp-content\/uploads\/2025\/01\/image00010-140x140.jpeg 140w, https:\/\/mativoyages.com\/wp-content\/uploads\/2025\/01\/image00010-200x200.jpeg 200w, https:\/\/mativoyages.com\/wp-content\/uploads\/2025\/01\/image00010-360x360.jpeg 360w, https:\/\/mativoyages.com\/wp-content\/uploads\/2025\/01\/image00010-390x390.jpeg 390w, https:\/\/mativoyages.com\/wp-content\/uploads\/2025\/01\/image00010-460x460.jpeg 460w, https:\/\/mativoyages.com\/wp-content\/uploads\/2025\/01\/image00010-554x554.jpeg 554w, https:\/\/mativoyages.com\/wp-content\/uploads\/2025\/01\/image00010-scaled-300x300.jpeg 300w\" sizes=\"(max-width: 650px) 100vw, 650px\" \/>\t\t\t\t\t\t\t\t\t\t\t\t\t\t\t<\/div>\n\t\t\t\t<\/div>\n\t\t\t\t\t<\/div>\n\t\t<\/div>\n\t\t\t\t<div class=\"elementor-column elementor-col-50 elementor-top-column elementor-element elementor-element-f7bcd4f\" data-id=\"f7bcd4f\" data-element_type=\"column\" data-e-type=\"column\" data-settings=\"{&quot;background_background&quot;:&quot;classic&quot;}\">\n\t\t\t<div class=\"elementor-widget-wrap elementor-element-populated\">\n\t\t\t\t\t\t<div class=\"elementor-element elementor-element-c537535 elementor-widget elementor-widget-text-editor\" data-id=\"c537535\" data-element_type=\"widget\" data-e-type=\"widget\" data-widget_type=\"text-editor.default\">\n\t\t\t\t<div class=\"elementor-widget-container\">\n\t\t\t\t\t\t\t\t\t<p>Notre mission est simple : <strong>rendre les voyages accessibles<\/strong>, <strong>uniques<\/strong> et <strong>inoubliables<\/strong> pour ceux qui nous font confiance. En tant que travel planners, nous organisons des <strong>s\u00e9jours sur mesure<\/strong>, con\u00e7us pour allier <strong>exploration<\/strong>, <strong>authenticit\u00e9<\/strong> et <strong>budget ma\u00eetris\u00e9<\/strong>. Chaque voyage est une occasion de vivre des <strong>moments exceptionnels<\/strong>, tout en respectant les <strong>envies<\/strong> et le <strong>budget<\/strong> de nos clients.<\/p>\t\t\t\t\t\t\t\t<\/div>\n\t\t\t\t<\/div>\n\t\t\t\t\t<\/div>\n\t\t<\/div>\n\t\t\t\t\t<\/div>\n\t\t<\/section>\n\t\t\t\t<section class=\"elementor-section elementor-top-section elementor-element elementor-element-4429029 elementor-section-stretched elementor-section-boxed elementor-section-height-default elementor-section-height-default mkdf-parallax-row-no mkdf-content-aligment-left mkdf-row-grid-no\" data-id=\"4429029\" data-element_type=\"section\" data-e-type=\"section\" data-settings=\"{&quot;background_background&quot;:&quot;classic&quot;,&quot;stretch_section&quot;:&quot;section-stretched&quot;}\">\n\t\t\t\t\t\t<div class=\"elementor-container elementor-column-gap-custom\">\n\t\t\t\t\t<div class=\"elementor-column elementor-col-50 elementor-top-column elementor-element elementor-element-9e5a237\" data-id=\"9e5a237\" data-element_type=\"column\" data-e-type=\"column\">\n\t\t\t<div class=\"elementor-widget-wrap elementor-element-populated\">\n\t\t\t\t\t\t<div class=\"elementor-element elementor-element-d7f26c1 elementor-widget elementor-widget-image\" data-id=\"d7f26c1\" data-element_type=\"widget\" data-e-type=\"widget\" data-widget_type=\"image.default\">\n\t\t\t\t<div class=\"elementor-widget-container\">\n\t\t\t\t\t\t\t\t\t\t\t\t\t\t\t<img loading=\"lazy\" decoding=\"async\" width=\"650\" height=\"650\" src=\"https:\/\/mativoyages.com\/wp-content\/uploads\/2025\/01\/image00013-650x650.jpeg\" class=\"attachment-backpacktraveler_mikado_image_square size-backpacktraveler_mikado_image_square wp-image-10832\" alt=\"\" srcset=\"https:\/\/mativoyages.com\/wp-content\/uploads\/2025\/01\/image00013-650x650.jpeg 650w, https:\/\/mativoyages.com\/wp-content\/uploads\/2025\/01\/image00013-150x150.jpeg 150w, https:\/\/mativoyages.com\/wp-content\/uploads\/2025\/01\/image00013-60x60.jpeg 60w, https:\/\/mativoyages.com\/wp-content\/uploads\/2025\/01\/image00013-80x80.jpeg 80w, https:\/\/mativoyages.com\/wp-content\/uploads\/2025\/01\/image00013-100x100.jpeg 100w, https:\/\/mativoyages.com\/wp-content\/uploads\/2025\/01\/image00013-120x120.jpeg 120w, https:\/\/mativoyages.com\/wp-content\/uploads\/2025\/01\/image00013-140x140.jpeg 140w, https:\/\/mativoyages.com\/wp-content\/uploads\/2025\/01\/image00013-200x200.jpeg 200w, https:\/\/mativoyages.com\/wp-content\/uploads\/2025\/01\/image00013-360x360.jpeg 360w, https:\/\/mativoyages.com\/wp-content\/uploads\/2025\/01\/image00013-390x390.jpeg 390w, https:\/\/mativoyages.com\/wp-content\/uploads\/2025\/01\/image00013-460x460.jpeg 460w, https:\/\/mativoyages.com\/wp-content\/uploads\/2025\/01\/image00013-554x554.jpeg 554w, https:\/\/mativoyages.com\/wp-content\/uploads\/2025\/01\/image00013-1300x1300.jpeg 1300w, https:\/\/mativoyages.com\/wp-content\/uploads\/2025\/01\/image00013-300x300.jpeg 300w\" sizes=\"(max-width: 650px) 100vw, 650px\" \/>\t\t\t\t\t\t\t\t\t\t\t\t\t\t\t<\/div>\n\t\t\t\t<\/div>\n\t\t\t\t\t<\/div>\n\t\t<\/div>\n\t\t\t\t<div class=\"elementor-column elementor-col-50 elementor-top-column elementor-element elementor-element-7e298a6\" data-id=\"7e298a6\" data-element_type=\"column\" data-e-type=\"column\" data-settings=\"{&quot;background_background&quot;:&quot;classic&quot;}\">\n\t\t\t<div class=\"elementor-widget-wrap elementor-element-populated\">\n\t\t\t\t\t\t<div class=\"elementor-element elementor-element-0395a35 elementor-widget elementor-widget-text-editor\" data-id=\"0395a35\" data-element_type=\"widget\" data-e-type=\"widget\" data-widget_type=\"text-editor.default\">\n\t\t\t\t<div class=\"elementor-widget-container\">\n\t\t\t\t\t\t\t\t\t<p>Ce qui nous anime, c\u2019est la conviction que chaque voyage est une <strong>opportunit\u00e9<\/strong> de cr\u00e9er des souvenirs m\u00e9morables. De <strong>Bali<\/strong> \u00e0 <strong>New York<\/strong>, de la <strong>Gr\u00e8ce<\/strong> au <strong>Mexique<\/strong>, nous avons d\u00e9couvert qu\u2019un voyage r\u00e9ussi est celui qui <strong>d\u00e9passe les attentes<\/strong> et qui reste grav\u00e9 dans les m\u00e9moires. Nous sommes impatients de poursuivre notre propre aventure, tout en vous <strong>accompagnant<\/strong> dans la v\u00f4tre, une destination \u00e0 la fois.<\/p>\t\t\t\t\t\t\t\t<\/div>\n\t\t\t\t<\/div>\n\t\t\t\t\t<\/div>\n\t\t<\/div>\n\t\t\t\t\t<\/div>\n\t\t<\/section>\n\t\t\t\t<\/div>\n\t\t","protected":false},"excerpt":{"rendered":"<p>NOTRE HISTOIRE Nous sommes Tiphaine et Matthieu, un couple passionn\u00e9 par les voyages, les d\u00e9couvertes et l\u2019aventure. Notre histoire a pris vie au c\u0153ur de nos voyages. C&rsquo;est lors de nos escapades \u00e0 travers le monde que nous nous sommes [&hellip;]<\/p>\n","protected":false},"author":1,"featured_media":0,"parent":0,"menu_order":0,"comment_status":"closed","ping_status":"closed","template":"","meta":{"om_disable_all_campaigns":false,"_monsterinsights_skip_tracking":false,"_monsterinsights_sitenote_active":false,"_monsterinsights_sitenote_note":"","_monsterinsights_sitenote_category":0,"_uf_show_specific_survey":0,"_uf_disable_surveys":false,"footnotes":""},"class_list":["post-10252","page","type-page","status-publish","hentry"],"aioseo_notices":[],"jetpack_sharing_enabled":true,"_links":{"self":[{"href":"https:\/\/mativoyages.com\/index.php?rest_route=\/wp\/v2\/pages\/10252","targetHints":{"allow":["GET"]}}],"collection":[{"href":"https:\/\/mativoyages.com\/index.php?rest_route=\/wp\/v2\/pages"}],"about":[{"href":"https:\/\/mativoyages.com\/index.php?rest_route=\/wp\/v2\/types\/page"}],"author":[{"embeddable":true,"href":"https:\/\/mativoyages.com\/index.php?rest_route=\/wp\/v2\/users\/1"}],"replies":[{"embeddable":true,"href":"https:\/\/mativoyages.com\/index.php?rest_route=%2Fwp%2Fv2%2Fcomments&post=10252"}],"version-history":[{"count":131,"href":"https:\/\/mativoyages.com\/index.php?rest_route=\/wp\/v2\/pages\/10252\/revisions"}],"predecessor-version":[{"id":14195,"href":"https:\/\/mativoyages.com\/index.php?rest_route=\/wp\/v2\/pages\/10252\/revisions\/14195"}],"wp:attachment":[{"href":"https:\/\/mativoyages.com\/index.php?rest_route=%2Fwp%2Fv2%2Fmedia&parent=10252"}],"curies":[{"name":"wp","href":"https:\/\/api.w.org\/{rel}","templated":true}]}}