{"id":10249,"date":"2025-01-20T12:16:51","date_gmt":"2025-01-20T11:16:51","guid":{"rendered":"https:\/\/test.mativoyages.com\/?page_id=10249"},"modified":"2025-04-21T11:57:09","modified_gmt":"2025-04-21T09:57:09","slug":"nos-services","status":"publish","type":"page","link":"https:\/\/mativoyages.com\/?page_id=10249","title":{"rendered":"NOS SERVICES"},"content":{"rendered":"\t\t<div data-elementor-type=\"wp-page\" data-elementor-id=\"10249\" class=\"elementor elementor-10249\" data-elementor-post-type=\"page\">\n\t\t\t\t\t\t<section class=\"elementor-section elementor-top-section elementor-element elementor-element-07c23d1 elementor-section-height-min-height elementor-section-full_width elementor-section-stretched elementor-section-height-default elementor-section-items-middle mkdf-parallax-row-no mkdf-content-aligment-left mkdf-row-grid-no\" data-id=\"07c23d1\" data-element_type=\"section\" data-e-type=\"section\" data-settings=\"{&quot;background_background&quot;:&quot;classic&quot;,&quot;stretch_section&quot;:&quot;section-stretched&quot;}\">\n\t\t\t\t\t\t<div class=\"elementor-container elementor-column-gap-default\">\n\t\t\t\t\t<div class=\"elementor-column elementor-col-100 elementor-top-column elementor-element elementor-element-1965dde\" data-id=\"1965dde\" data-element_type=\"column\" data-e-type=\"column\">\n\t\t\t<div class=\"elementor-widget-wrap elementor-element-populated\">\n\t\t\t\t\t\t<div class=\"elementor-element elementor-element-8597515 elementor-widget elementor-widget-heading\" data-id=\"8597515\" data-element_type=\"widget\" data-e-type=\"widget\" data-widget_type=\"heading.default\">\n\t\t\t\t<div class=\"elementor-widget-container\">\n\t\t\t\t\t<h2 class=\"elementor-heading-title elementor-size-default\">NOS SERVICES<\/h2>\t\t\t\t<\/div>\n\t\t\t\t<\/div>\n\t\t\t\t\t<\/div>\n\t\t<\/div>\n\t\t\t\t\t<\/div>\n\t\t<\/section>\n\t\t\t\t<section class=\"elementor-section elementor-top-section elementor-element elementor-element-2a3424e elementor-section-full_width elementor-section-stretched elementor-section-height-default elementor-section-height-default mkdf-parallax-row-no mkdf-content-aligment-left mkdf-row-grid-no\" data-id=\"2a3424e\" data-element_type=\"section\" data-e-type=\"section\" data-settings=\"{&quot;stretch_section&quot;:&quot;section-stretched&quot;,&quot;background_background&quot;:&quot;classic&quot;}\">\n\t\t\t\t\t\t<div class=\"elementor-container elementor-column-gap-default\">\n\t\t\t\t\t<div class=\"elementor-column elementor-col-50 elementor-top-column elementor-element elementor-element-4a2b1a4\" data-id=\"4a2b1a4\" data-element_type=\"column\" data-e-type=\"column\" data-settings=\"{&quot;background_background&quot;:&quot;classic&quot;}\">\n\t\t\t<div class=\"elementor-widget-wrap elementor-element-populated\">\n\t\t\t\t\t\t<div class=\"elementor-element elementor-element-5284385 elementor-widget elementor-widget-heading\" data-id=\"5284385\" data-element_type=\"widget\" data-e-type=\"widget\" data-widget_type=\"heading.default\">\n\t\t\t\t<div class=\"elementor-widget-container\">\n\t\t\t\t\t<h1 class=\"elementor-heading-title elementor-size-default\">Organise ton voyage sur mesure avec NOUS<\/h1>\t\t\t\t<\/div>\n\t\t\t\t<\/div>\n\t\t\t\t<div class=\"elementor-element elementor-element-bd48a14 elementor-widget elementor-widget-text-editor\" data-id=\"bd48a14\" data-element_type=\"widget\" data-e-type=\"widget\" data-widget_type=\"text-editor.default\">\n\t\t\t\t<div class=\"elementor-widget-container\">\n\t\t\t\t\t\t\t\t\t<p style=\"text-align: center;\"><span style=\"font-weight: 400;\">Chez <strong>Mativoyages<\/strong>, nous sommes sp\u00e9cialis\u00e9s dans la <strong>cr\u00e9ation de voyages sur mesure<\/strong>, adapt\u00e9s \u00e0 tes <strong>envies<\/strong> et \u00e0 ton <strong>budget<\/strong>. <\/span><span style=\"font-weight: 400;\">En tant qu\u2019<strong>experts<\/strong> ayant explor\u00e9 plus de <strong>35 pays<\/strong>, nous mettons \u00e0 ta disposition notre exp\u00e9rience et notre passion pour te proposer un <strong>s\u00e9jour sur mesure<\/strong>, <strong>unique<\/strong> et <strong>inoubliable<\/strong>.<\/span><\/p>\t\t\t\t\t\t\t\t<\/div>\n\t\t\t\t<\/div>\n\t\t\t\t\t<\/div>\n\t\t<\/div>\n\t\t\t\t<div class=\"elementor-column elementor-col-50 elementor-top-column elementor-element elementor-element-d13911e\" data-id=\"d13911e\" data-element_type=\"column\" data-e-type=\"column\">\n\t\t\t<div class=\"elementor-widget-wrap elementor-element-populated\">\n\t\t\t\t\t\t<div class=\"elementor-element elementor-element-fddfb07 elementor-widget elementor-widget-image\" data-id=\"fddfb07\" data-element_type=\"widget\" data-e-type=\"widget\" data-widget_type=\"image.default\">\n\t\t\t\t<div class=\"elementor-widget-container\">\n\t\t\t\t\t\t\t\t\t\t\t\t\t\t\t<img decoding=\"async\" src=\"https:\/\/mativoyages.com\/wp-content\/uploads\/elementor\/thumbs\/image00007-scaled-r2grtw1a1zcg2ia1fd2f32gzyv6soyny2x7ql0sw0w.jpeg\" title=\"Komodo &#8211; Mati Voyages\" alt=\"Komodo - Mati Voyages\" loading=\"lazy\" \/>\t\t\t\t\t\t\t\t\t\t\t\t\t\t\t<\/div>\n\t\t\t\t<\/div>\n\t\t\t\t\t<\/div>\n\t\t<\/div>\n\t\t\t\t\t<\/div>\n\t\t<\/section>\n\t\t\t\t<section class=\"elementor-section elementor-top-section elementor-element elementor-element-460ddc8 elementor-section-full_width elementor-section-stretched elementor-section-height-default elementor-section-height-default mkdf-parallax-row-no mkdf-content-aligment-left mkdf-row-grid-no\" data-id=\"460ddc8\" data-element_type=\"section\" data-e-type=\"section\" data-settings=\"{&quot;stretch_section&quot;:&quot;section-stretched&quot;,&quot;background_background&quot;:&quot;classic&quot;}\">\n\t\t\t\t\t\t<div class=\"elementor-container elementor-column-gap-default\">\n\t\t\t\t\t<div class=\"elementor-column elementor-col-50 elementor-top-column elementor-element elementor-element-75bc74c\" data-id=\"75bc74c\" data-element_type=\"column\" data-e-type=\"column\" data-settings=\"{&quot;background_background&quot;:&quot;classic&quot;}\">\n\t\t\t<div class=\"elementor-widget-wrap elementor-element-populated\">\n\t\t\t\t\t\t<div class=\"elementor-element elementor-element-e015680 elementor-widget elementor-widget-heading\" data-id=\"e015680\" data-element_type=\"widget\" data-e-type=\"widget\" data-widget_type=\"heading.default\">\n\t\t\t\t<div class=\"elementor-widget-container\">\n\t\t\t\t\t<h1 class=\"elementor-heading-title elementor-size-default\">NOS SERVICES <br>UN CARNET DE VOYAGE PERSONNALIS\u00c9<\/h1>\t\t\t\t<\/div>\n\t\t\t\t<\/div>\n\t\t\t\t<div class=\"elementor-element elementor-element-9f7aea1 elementor-widget elementor-widget-text-editor\" data-id=\"9f7aea1\" data-element_type=\"widget\" data-e-type=\"widget\" data-widget_type=\"text-editor.default\">\n\t\t\t\t<div class=\"elementor-widget-container\">\n\t\t\t\t\t\t\t\t\t<p style=\"text-align: center;\"><span style=\"font-weight: 400;\">Nous cr\u00e9ons pour toi ton <strong>carnet de voyage sur mesure<\/strong> en s\u2019adaptant \u00e0 tes besoins. Ce carnet contient tous les <strong>liens utiles<\/strong>, les <strong>informations d\u00e9taill\u00e9es<\/strong> et nos meilleurs <strong>bons plans<\/strong>, afin que tu puisses <strong>r\u00e9server<\/strong> directement ton voyage en toute <strong>simplicit\u00e9<\/strong>. Gr\u00e2ce \u00e0 notre <strong>expertise<\/strong>, chaque \u00e9tape de ton voyage est optimis\u00e9e pour que tu profites pleinement de ton s\u00e9jour au <strong>meilleur rapport qualit\u00e9-prix<\/strong>.<\/span><\/p>\t\t\t\t\t\t\t\t<\/div>\n\t\t\t\t<\/div>\n\t\t\t\t\t<\/div>\n\t\t<\/div>\n\t\t\t\t<div class=\"elementor-column elementor-col-50 elementor-top-column elementor-element elementor-element-5d40561\" data-id=\"5d40561\" data-element_type=\"column\" data-e-type=\"column\">\n\t\t\t<div class=\"elementor-widget-wrap elementor-element-populated\">\n\t\t\t\t\t\t<div class=\"elementor-element elementor-element-c39bd06 elementor-widget elementor-widget-image\" data-id=\"c39bd06\" data-element_type=\"widget\" data-e-type=\"widget\" data-widget_type=\"image.default\">\n\t\t\t\t<div class=\"elementor-widget-container\">\n\t\t\t\t\t\t\t\t\t\t\t\t\t\t\t<img decoding=\"async\" src=\"https:\/\/mativoyages.com\/wp-content\/uploads\/elementor\/thumbs\/voyage-sur-mesure-scaled-r2gq4gb1ct8r81ip6b19m2le7804l5rjau68cxw8ps.jpg\" title=\"Miami &#8211; Mati Voyages\" alt=\"Miami - Mati Voyages\" loading=\"lazy\" \/>\t\t\t\t\t\t\t\t\t\t\t\t\t\t\t<\/div>\n\t\t\t\t<\/div>\n\t\t\t\t\t<\/div>\n\t\t<\/div>\n\t\t\t\t\t<\/div>\n\t\t<\/section>\n\t\t\t\t<section class=\"elementor-section elementor-top-section elementor-element elementor-element-edd930e elementor-section-full_width elementor-section-stretched elementor-section-height-default elementor-section-height-default mkdf-parallax-row-no mkdf-content-aligment-left mkdf-row-grid-no\" data-id=\"edd930e\" data-element_type=\"section\" data-e-type=\"section\" data-settings=\"{&quot;stretch_section&quot;:&quot;section-stretched&quot;,&quot;background_background&quot;:&quot;classic&quot;}\">\n\t\t\t\t\t\t<div class=\"elementor-container elementor-column-gap-default\">\n\t\t\t\t\t<div class=\"elementor-column elementor-col-50 elementor-top-column elementor-element elementor-element-1e15faa\" data-id=\"1e15faa\" data-element_type=\"column\" data-e-type=\"column\" data-settings=\"{&quot;background_background&quot;:&quot;classic&quot;}\">\n\t\t\t<div class=\"elementor-widget-wrap elementor-element-populated\">\n\t\t\t\t\t\t<div class=\"elementor-element elementor-element-0faf5bf elementor-widget elementor-widget-heading\" data-id=\"0faf5bf\" data-element_type=\"widget\" data-e-type=\"widget\" data-widget_type=\"heading.default\">\n\t\t\t\t<div class=\"elementor-widget-container\">\n\t\t\t\t\t<h1 class=\"elementor-heading-title elementor-size-default\">POURQUOI CHOISIR MATIVOYAGES ?<\/h1>\t\t\t\t<\/div>\n\t\t\t\t<\/div>\n\t\t\t\t<div class=\"elementor-element elementor-element-bd289d5 elementor-widget elementor-widget-text-editor\" data-id=\"bd289d5\" data-element_type=\"widget\" data-e-type=\"widget\" data-widget_type=\"text-editor.default\">\n\t\t\t\t<div class=\"elementor-widget-container\">\n\t\t\t\t\t\t\t\t\t<p><span style=\"font-weight: 400;\"><strong>Voyage sur mesure<\/strong> : Chaque voyage est personnalis\u00e9 selon tes go\u00fbts, ton budget et tes attentes.<\/span><\/p><p><span style=\"font-weight: 400;\"><strong>Expertise mondiale<\/strong> : Plus de 35 pays visit\u00e9s et une \u00e9quipe d\u2019experts pour te conseiller au mieux.<\/span><\/p><p><span style=\"font-weight: 400;\"><strong>Accompagnement personnalis\u00e9<\/strong> : Nous restons disponibles pour \u00e9changer avec toi 7j\/7, en r\u00e9pondant rapidement \u00e0 tes demandes.<\/span><\/p><p><span style=\"font-weight: 400;\"><strong>Rapport qualit\u00e9-prix optimal<\/strong> : Des voyages incroyables, pens\u00e9s pour te faire vivre des moments uniques sans d\u00e9passer ton budget.<\/span><\/p>\t\t\t\t\t\t\t\t<\/div>\n\t\t\t\t<\/div>\n\t\t\t\t\t<\/div>\n\t\t<\/div>\n\t\t\t\t<div class=\"elementor-column elementor-col-50 elementor-top-column elementor-element elementor-element-54ab935\" data-id=\"54ab935\" data-element_type=\"column\" data-e-type=\"column\">\n\t\t\t<div class=\"elementor-widget-wrap elementor-element-populated\">\n\t\t\t\t\t\t<div class=\"elementor-element elementor-element-14b302d elementor-widget elementor-widget-image\" data-id=\"14b302d\" data-element_type=\"widget\" data-e-type=\"widget\" data-widget_type=\"image.default\">\n\t\t\t\t<div class=\"elementor-widget-container\">\n\t\t\t\t\t\t\t\t\t\t\t\t\t\t\t<img decoding=\"async\" src=\"https:\/\/mativoyages.com\/wp-content\/uploads\/elementor\/thumbs\/image00011-scaled-r2grslz6r3le9m4xwb5p6w3euzht7sl3kl8y2gp6hs.jpeg\" title=\"Duba\u00ef &#8211; Mati Voyages\" alt=\"Duba\u00ef - Mati Voyages\" loading=\"lazy\" \/>\t\t\t\t\t\t\t\t\t\t\t\t\t\t\t<\/div>\n\t\t\t\t<\/div>\n\t\t\t\t\t<\/div>\n\t\t<\/div>\n\t\t\t\t\t<\/div>\n\t\t<\/section>\n\t\t\t\t<section class=\"elementor-section elementor-top-section elementor-element elementor-element-8276052 elementor-section-full_width elementor-section-stretched elementor-section-height-default elementor-section-height-default mkdf-parallax-row-no mkdf-content-aligment-left mkdf-row-grid-no\" data-id=\"8276052\" data-element_type=\"section\" data-e-type=\"section\" data-settings=\"{&quot;stretch_section&quot;:&quot;section-stretched&quot;,&quot;background_background&quot;:&quot;classic&quot;}\">\n\t\t\t\t\t\t<div class=\"elementor-container elementor-column-gap-default\">\n\t\t\t\t\t<div class=\"elementor-column elementor-col-50 elementor-top-column elementor-element elementor-element-2c3fe2e\" data-id=\"2c3fe2e\" data-element_type=\"column\" data-e-type=\"column\" data-settings=\"{&quot;background_background&quot;:&quot;classic&quot;}\">\n\t\t\t<div class=\"elementor-widget-wrap elementor-element-populated\">\n\t\t\t\t\t\t<div class=\"elementor-element elementor-element-9b50849 elementor-widget elementor-widget-heading\" data-id=\"9b50849\" data-element_type=\"widget\" data-e-type=\"widget\" data-widget_type=\"heading.default\">\n\t\t\t\t<div class=\"elementor-widget-container\">\n\t\t\t\t\t<h1 class=\"elementor-heading-title elementor-size-default\">COMMENT \u00c7A MARCHE ?<\/h1>\t\t\t\t<\/div>\n\t\t\t\t<\/div>\n\t\t\t\t<div class=\"elementor-element elementor-element-01d7416 elementor-widget elementor-widget-text-editor\" data-id=\"01d7416\" data-element_type=\"widget\" data-e-type=\"widget\" data-widget_type=\"text-editor.default\">\n\t\t\t\t<div class=\"elementor-widget-container\">\n\t\t\t\t\t\t\t\t\t<p><span style=\"font-weight: 400;\"><strong>Contacte-nous<\/strong> : Envoie-nous un message sur Instagram (@mativoyages) ou par mail (mativoyagespro@gmail.com) pour nous parler de ton projet.<\/span><\/p><p><span style=\"font-weight: 400;\"><strong>\u00c9change et personnalisation<\/strong> : Nous discutons de tes attentes pour nous assurer que ta demande est r\u00e9alisable et parfaite pour toi.<\/span><\/p><p><span style=\"font-weight: 400;\"><strong>Cr\u00e9ation du carnet<\/strong> : Nous cr\u00e9ons ton carnet de voyage personnalis\u00e9 avec tous les d\u00e9tails et liens n\u00e9cessaires pour ta r\u00e9servation.<\/span><\/p><p><span style=\"font-weight: 400;\"><strong>Pr\u00eat \u00e0 partir<\/strong> ! Une fois ton carnet valid\u00e9, tu n\u2019as plus qu\u2019\u00e0 r\u00e9server et partir \u00e0 l\u2019aventure !<\/span><\/p>\t\t\t\t\t\t\t\t<\/div>\n\t\t\t\t<\/div>\n\t\t\t\t\t<\/div>\n\t\t<\/div>\n\t\t\t\t<div class=\"elementor-column elementor-col-50 elementor-top-column elementor-element elementor-element-566d85f\" data-id=\"566d85f\" data-element_type=\"column\" data-e-type=\"column\">\n\t\t\t<div class=\"elementor-widget-wrap elementor-element-populated\">\n\t\t\t\t\t\t<div class=\"elementor-element elementor-element-5198217 elementor-widget elementor-widget-image\" data-id=\"5198217\" data-element_type=\"widget\" data-e-type=\"widget\" data-widget_type=\"image.default\">\n\t\t\t\t<div class=\"elementor-widget-container\">\n\t\t\t\t\t\t\t\t\t\t\t\t\t\t\t<img decoding=\"async\" src=\"https:\/\/mativoyages.com\/wp-content\/uploads\/elementor\/thumbs\/photo-villa-2-r2gprsfba5wot5ww4bz7irmu3cf3vyhpw5rqlqo6jk.jpg\" title=\"Villa Bali &#8211; Mativoyages\" alt=\"Villa Bali - Mativoyages\" loading=\"lazy\" \/>\t\t\t\t\t\t\t\t\t\t\t\t\t\t\t<\/div>\n\t\t\t\t<\/div>\n\t\t\t\t\t<\/div>\n\t\t<\/div>\n\t\t\t\t\t<\/div>\n\t\t<\/section>\n\t\t\t\t<section class=\"elementor-section elementor-top-section elementor-element elementor-element-28bb103 elementor-section-full_width elementor-section-stretched elementor-section-height-default elementor-section-height-default mkdf-parallax-row-no mkdf-content-aligment-left mkdf-row-grid-no\" data-id=\"28bb103\" data-element_type=\"section\" data-e-type=\"section\" data-settings=\"{&quot;stretch_section&quot;:&quot;section-stretched&quot;,&quot;background_background&quot;:&quot;classic&quot;}\">\n\t\t\t\t\t\t<div class=\"elementor-container elementor-column-gap-default\">\n\t\t\t\t\t<div class=\"elementor-column elementor-col-50 elementor-top-column elementor-element elementor-element-c1f5260\" data-id=\"c1f5260\" data-element_type=\"column\" data-e-type=\"column\" data-settings=\"{&quot;background_background&quot;:&quot;classic&quot;}\">\n\t\t\t<div class=\"elementor-widget-wrap elementor-element-populated\">\n\t\t\t\t\t\t<div class=\"elementor-element elementor-element-c267e2f elementor-widget elementor-widget-heading\" data-id=\"c267e2f\" data-element_type=\"widget\" data-e-type=\"widget\" data-widget_type=\"heading.default\">\n\t\t\t\t<div class=\"elementor-widget-container\">\n\t\t\t\t\t<h1 class=\"elementor-heading-title elementor-size-default\">NOS DESTINATIONS FAVORITES<\/h1>\t\t\t\t<\/div>\n\t\t\t\t<\/div>\n\t\t\t\t<div class=\"elementor-element elementor-element-5848f8b elementor-widget elementor-widget-text-editor\" data-id=\"5848f8b\" data-element_type=\"widget\" data-e-type=\"widget\" data-widget_type=\"text-editor.default\">\n\t\t\t\t<div class=\"elementor-widget-container\">\n\t\t\t\t\t\t\t\t\t<p style=\"text-align: center;\"><span style=\"font-weight: 400;\"><strong>Hors Europe<\/strong> : Tha\u00eflande, Bali, Mexique, New York, etc.<\/span><\/p><p style=\"text-align: center;\"><span style=\"font-weight: 400;\"><strong>Europe<\/strong> : Gr\u00e8ce, Espagne, Italie, Angleterre, etc.<\/span><\/p><p style=\"text-align: center;\"><strong>Un voyage \u00e0 port\u00e9e de main ?<br \/><\/strong><span style=\"font-weight: 400;\">Pr\u00eat \u00e0 organiser ton prochain voyage ? Contacte-nous d\u00e8s maintenant et laisse-nous t\u2019accompagner dans cette aventure ! Avec Mativoyages, chaque voyage est une exp\u00e9rience unique, alliant qualit\u00e9, personnalisation et bons plans.<\/span><\/p>\t\t\t\t\t\t\t\t<\/div>\n\t\t\t\t<\/div>\n\t\t\t\t\t<\/div>\n\t\t<\/div>\n\t\t\t\t<div class=\"elementor-column elementor-col-50 elementor-top-column elementor-element elementor-element-be82cf5\" data-id=\"be82cf5\" data-element_type=\"column\" data-e-type=\"column\">\n\t\t\t<div class=\"elementor-widget-wrap elementor-element-populated\">\n\t\t\t\t\t\t<div class=\"elementor-element elementor-element-9c9f5cc elementor-widget elementor-widget-image\" data-id=\"9c9f5cc\" data-element_type=\"widget\" data-e-type=\"widget\" data-widget_type=\"image.default\">\n\t\t\t\t<div class=\"elementor-widget-container\">\n\t\t\t\t\t\t\t\t\t\t\t\t\t\t\t<img decoding=\"async\" src=\"https:\/\/mativoyages.com\/wp-content\/uploads\/elementor\/thumbs\/image00015-scaled-r2grrdsrtvwx3xx42a28fp8qxvjk60ppqil4igiom8.jpeg\" title=\"Tanzanie &#8211; Mati Voyages\" alt=\"Tanzanie - Mati Voyages\" loading=\"lazy\" \/>\t\t\t\t\t\t\t\t\t\t\t\t\t\t\t<\/div>\n\t\t\t\t<\/div>\n\t\t\t\t\t<\/div>\n\t\t<\/div>\n\t\t\t\t\t<\/div>\n\t\t<\/section>\n\t\t\t\t<\/div>\n\t\t","protected":false},"excerpt":{"rendered":"<p>NOS SERVICES Organise ton voyage sur mesure avec NOUS Chez Mativoyages, nous sommes sp\u00e9cialis\u00e9s dans la cr\u00e9ation de voyages sur mesure, adapt\u00e9s \u00e0 tes envies et \u00e0 ton budget. En tant qu\u2019experts ayant explor\u00e9 plus de 35 pays, nous mettons [&hellip;]<\/p>\n","protected":false},"author":1,"featured_media":0,"parent":0,"menu_order":0,"comment_status":"closed","ping_status":"closed","template":"","meta":{"om_disable_all_campaigns":false,"_monsterinsights_skip_tracking":false,"_monsterinsights_sitenote_active":false,"_monsterinsights_sitenote_note":"","_monsterinsights_sitenote_category":0,"_uf_show_specific_survey":0,"_uf_disable_surveys":false,"footnotes":""},"class_list":["post-10249","page","type-page","status-publish","hentry"],"aioseo_notices":[],"jetpack_sharing_enabled":true,"_links":{"self":[{"href":"https:\/\/mativoyages.com\/index.php?rest_route=\/wp\/v2\/pages\/10249","targetHints":{"allow":["GET"]}}],"collection":[{"href":"https:\/\/mativoyages.com\/index.php?rest_route=\/wp\/v2\/pages"}],"about":[{"href":"https:\/\/mativoyages.com\/index.php?rest_route=\/wp\/v2\/types\/page"}],"author":[{"embeddable":true,"href":"https:\/\/mativoyages.com\/index.php?rest_route=\/wp\/v2\/users\/1"}],"replies":[{"embeddable":true,"href":"https:\/\/mativoyages.com\/index.php?rest_route=%2Fwp%2Fv2%2Fcomments&post=10249"}],"version-history":[{"count":152,"href":"https:\/\/mativoyages.com\/index.php?rest_route=\/wp\/v2\/pages\/10249\/revisions"}],"predecessor-version":[{"id":14208,"href":"https:\/\/mativoyages.com\/index.php?rest_route=\/wp\/v2\/pages\/10249\/revisions\/14208"}],"wp:attachment":[{"href":"https:\/\/mativoyages.com\/index.php?rest_route=%2Fwp%2Fv2%2Fmedia&parent=10249"}],"curies":[{"name":"wp","href":"https:\/\/api.w.org\/{rel}","templated":true}]}}